{"id":224,"date":"2020-05-05T13:08:51","date_gmt":"2020-05-05T13:08:51","guid":{"rendered":"https:\/\/www.cast-acts.ca\/gdc\/conseil-dadministration\/"},"modified":"2022-03-24T15:14:24","modified_gmt":"2022-03-24T15:14:24","slug":"conseil-dadministration","status":"publish","type":"page","link":"https:\/\/www.cast-acts.ca\/fr\/conseil-dadministration\/","title":{"rendered":"Conseil d&rsquo;administration"},"content":{"rendered":"\t\t<div data-elementor-type=\"wp-page\" data-elementor-id=\"224\" class=\"elementor elementor-224 elementor-159\" data-elementor-post-type=\"page\">\n\t\t\t\t\t\t<section class=\"elementor-section elementor-top-section elementor-element elementor-element-9ea6ec3 elementor-section-boxed elementor-section-height-default elementor-section-height-default\" data-id=\"9ea6ec3\" data-element_type=\"section\">\n\t\t\t\t\t\t<div class=\"elementor-container elementor-column-gap-default\">\n\t\t\t\t\t<div class=\"elementor-column elementor-col-100 elementor-top-column elementor-element elementor-element-8cd6c34\" data-id=\"8cd6c34\" data-element_type=\"column\">\n\t\t\t<div class=\"elementor-widget-wrap elementor-element-populated\">\n\t\t\t\t\t\t<div class=\"elementor-element elementor-element-f9be08a elementor-widget elementor-widget-heading\" data-id=\"f9be08a\" data-element_type=\"widget\" data-widget_type=\"heading.default\">\n\t\t\t\t<div class=\"elementor-widget-container\">\n\t\t\t<h2 class=\"elementor-heading-title elementor-size-default\">Conseil d'administration<\/h2>\t\t<\/div>\n\t\t\t\t<\/div>\n\t\t\t\t\t<\/div>\n\t\t<\/div>\n\t\t\t\t\t<\/div>\n\t\t<\/section>\n\t\t\t\t<section class=\"elementor-section elementor-top-section elementor-element elementor-element-c59e160 elementor-section-boxed elementor-section-height-default elementor-section-height-default\" data-id=\"c59e160\" data-element_type=\"section\">\n\t\t\t\t\t\t<div class=\"elementor-container elementor-column-gap-default\">\n\t\t\t\t\t<div class=\"elementor-column elementor-col-50 elementor-top-column elementor-element elementor-element-7c35718\" data-id=\"7c35718\" data-element_type=\"column\">\n\t\t\t<div class=\"elementor-widget-wrap elementor-element-populated\">\n\t\t\t\t\t\t<div class=\"elementor-element elementor-element-b650126 elementor-widget elementor-widget-image\" data-id=\"b650126\" data-element_type=\"widget\" data-widget_type=\"image.default\">\n\t\t\t\t<div class=\"elementor-widget-container\">\n\t\t\t\t\t\t\t\t\t\t\t\t\t<img decoding=\"async\" width=\"90\" height=\"122\" src=\"https:\/\/www.cast-acts.ca\/gdc\/wp-content\/uploads\/2020\/05\/img-Steven_Meitin.jpg\" class=\"attachment-large size-large wp-image-118\" alt=\"\" \/>\t\t\t\t\t\t\t\t\t\t\t\t\t<\/div>\n\t\t\t\t<\/div>\n\t\t\t\t\t<\/div>\n\t\t<\/div>\n\t\t\t\t<div class=\"elementor-column elementor-col-50 elementor-top-column elementor-element elementor-element-e549f09\" data-id=\"e549f09\" data-element_type=\"column\">\n\t\t\t<div class=\"elementor-widget-wrap elementor-element-populated\">\n\t\t\t\t\t\t<div class=\"elementor-element elementor-element-2d2b5ba elementor-widget elementor-widget-text-editor\" data-id=\"2d2b5ba\" data-element_type=\"widget\" data-widget_type=\"text-editor.default\">\n\t\t\t\t<div class=\"elementor-widget-container\">\n\t\t\t\t\t\t\t<p><strong>Steven Meitin<\/strong><br \/>Directeur national, Soutien aux op\u00e9rations chez\u00a0Groupe de transporteurs Day &amp; Ross<br \/><strong>Pr\u00e9sident, Association canadienne du transport s\u00e9curis\u00e9<\/strong><\/p><p>\u00a0<\/p><p>Fort d\u2019une exp\u00e9rience de plus de 30 ans dans le domaine du transport s\u00e9curis\u00e9, Steven Meitin est un professionnel exp\u00e9riment\u00e9 dot\u00e9 d\u2019une impressionnante feuille de route en mati\u00e8re de logistique canadienne, am\u00e9ricaine et mondiale. M. Meitin a pass\u00e9 pr\u00e8s de 20 ans chez Securicor Canada (anciennement Wells Fargo et Loomis Armored Car Service), notamment \u00e0 titre de vice-pr\u00e9sident des op\u00e9rations pour l&rsquo;Est canadien. Il a \u00e9galement occup\u00e9, pendant pr\u00e8s de 10 ans, des postes de cadre sup\u00e9rieur chez Brink&rsquo;s\u2019 Incorporated, notamment comme vice-pr\u00e9sident principal de la gestion des risques pour l\u2019Am\u00e9rique du Nord alors qu\u2019il \u00e9tait responsable des principales fonctions de gestion des risques pour le d\u00e9partement de la s\u00e9curit\u00e9. Il \u00e9tait \u00e9galement responsable de toutes les installations, de la flotte de l&rsquo;entreprise ainsi que de la Sant\u00e9 et s\u00e9curit\u00e9. Depuis 2015, M. Meitin occupe le poste de directeur national, Soutien aux op\u00e9rations, pour le Groupe de transporteurs Day &amp; Ross.<\/p>\t\t\t\t\t\t<\/div>\n\t\t\t\t<\/div>\n\t\t\t\t\t<\/div>\n\t\t<\/div>\n\t\t\t\t\t<\/div>\n\t\t<\/section>\n\t\t\t\t<section class=\"elementor-section elementor-top-section elementor-element elementor-element-1454e4e elementor-section-boxed elementor-section-height-default elementor-section-height-default\" data-id=\"1454e4e\" data-element_type=\"section\">\n\t\t\t\t\t\t<div class=\"elementor-container elementor-column-gap-default\">\n\t\t\t\t\t<div class=\"elementor-column elementor-col-50 elementor-top-column elementor-element elementor-element-257e8d0\" data-id=\"257e8d0\" data-element_type=\"column\">\n\t\t\t<div class=\"elementor-widget-wrap elementor-element-populated\">\n\t\t\t\t\t\t<div class=\"elementor-element elementor-element-e6493e8 elementor-widget elementor-widget-menu-anchor\" data-id=\"e6493e8\" data-element_type=\"widget\" data-widget_type=\"menu-anchor.default\">\n\t\t\t\t<div class=\"elementor-widget-container\">\n\t\t\t\t\t<div class=\"elementor-menu-anchor\" id=\"cgoodrich\"><\/div>\n\t\t\t\t<\/div>\n\t\t\t\t<\/div>\n\t\t\t\t<div class=\"elementor-element elementor-element-8aba782 elementor-widget elementor-widget-image\" data-id=\"8aba782\" data-element_type=\"widget\" data-widget_type=\"image.default\">\n\t\t\t\t<div class=\"elementor-widget-container\">\n\t\t\t\t\t\t\t\t\t\t\t\t\t<img decoding=\"async\" width=\"90\" height=\"122\" src=\"https:\/\/www.cast-acts.ca\/gdc\/wp-content\/uploads\/2020\/05\/img-Chris-Goodrich.jpg\" class=\"attachment-large size-large wp-image-523\" alt=\"\" \/>\t\t\t\t\t\t\t\t\t\t\t\t\t<\/div>\n\t\t\t\t<\/div>\n\t\t\t\t\t<\/div>\n\t\t<\/div>\n\t\t\t\t<div class=\"elementor-column elementor-col-50 elementor-top-column elementor-element elementor-element-e420d5b\" data-id=\"e420d5b\" data-element_type=\"column\">\n\t\t\t<div class=\"elementor-widget-wrap elementor-element-populated\">\n\t\t\t\t\t\t<div class=\"elementor-element elementor-element-4c10f22 elementor-widget elementor-widget-text-editor\" data-id=\"4c10f22\" data-element_type=\"widget\" data-widget_type=\"text-editor.default\">\n\t\t\t\t<div class=\"elementor-widget-container\">\n\t\t\t\t\t\t\t<p><strong>Chris Goodrich <\/strong><br \/>Pr\u00e9sident et directeur g\u00e9n\u00e9ral, B&amp;L Security<br \/><strong>Administrateur, Association canadienne du transport s\u00e9curis\u00e9<\/strong><\/p><p>\u00a0<\/p><p>Chris Goodrich poss\u00e8de plus de 20 ans d&rsquo;exp\u00e9rience dans le secteur de la s\u00e9curit\u00e9 et du transport s\u00e9curis\u00e9. Depuis pr\u00e8s de deux d\u00e9cennies, il occupe le poste de pr\u00e9sident et directeur g\u00e9n\u00e9ral de B&amp;L Security, une entreprise de services et de transport par voiture blind\u00e9e situ\u00e9e \u00e0 Vernon, en Colombie-Britannique, qui priorise la s\u00e9curit\u00e9 et la fiabilit\u00e9. B&amp;L Security offre une vaste gamme de services, notamment de d\u00e9p\u00f4t et de collecte, de services en succursale, de stockage de pi\u00e8ces de monnaie, de services de guichets bancaires automatis\u00e9s et de traitement de pi\u00e8ces de monnaie pour la r\u00e9gion int\u00e9rieure de la Colombie-Britannique.<\/p>\t\t\t\t\t\t<\/div>\n\t\t\t\t<\/div>\n\t\t\t\t\t<\/div>\n\t\t<\/div>\n\t\t\t\t\t<\/div>\n\t\t<\/section>\n\t\t\t\t<section class=\"elementor-section elementor-top-section elementor-element elementor-element-370d50f elementor-section-boxed elementor-section-height-default elementor-section-height-default\" data-id=\"370d50f\" data-element_type=\"section\">\n\t\t\t\t\t\t<div class=\"elementor-container elementor-column-gap-default\">\n\t\t\t\t\t<div class=\"elementor-column elementor-col-50 elementor-top-column elementor-element elementor-element-1fe6957\" data-id=\"1fe6957\" data-element_type=\"column\">\n\t\t\t<div class=\"elementor-widget-wrap elementor-element-populated\">\n\t\t\t\t\t\t<div class=\"elementor-element elementor-element-bb69ab3 elementor-widget elementor-widget-menu-anchor\" data-id=\"bb69ab3\" data-element_type=\"widget\" data-widget_type=\"menu-anchor.default\">\n\t\t\t\t<div class=\"elementor-widget-container\">\n\t\t\t\t\t<div class=\"elementor-menu-anchor\" id=\"hhey\"><\/div>\n\t\t\t\t<\/div>\n\t\t\t\t<\/div>\n\t\t\t\t<div class=\"elementor-element elementor-element-401ceb8 elementor-widget elementor-widget-image\" data-id=\"401ceb8\" data-element_type=\"widget\" data-widget_type=\"image.default\">\n\t\t\t\t<div class=\"elementor-widget-container\">\n\t\t\t\t\t\t\t\t\t\t\t\t\t<img decoding=\"async\" width=\"90\" height=\"122\" src=\"https:\/\/www.cast-acts.ca\/gdc\/wp-content\/uploads\/2020\/07\/img-Henry_Hey.jpg\" class=\"attachment-large size-large wp-image-653\" alt=\"\" \/>\t\t\t\t\t\t\t\t\t\t\t\t\t<\/div>\n\t\t\t\t<\/div>\n\t\t\t\t\t<\/div>\n\t\t<\/div>\n\t\t\t\t<div class=\"elementor-column elementor-col-50 elementor-top-column elementor-element elementor-element-5d5038f\" data-id=\"5d5038f\" data-element_type=\"column\">\n\t\t\t<div class=\"elementor-widget-wrap elementor-element-populated\">\n\t\t\t\t\t\t<div class=\"elementor-element elementor-element-7326702 elementor-widget elementor-widget-text-editor\" data-id=\"7326702\" data-element_type=\"widget\" data-widget_type=\"text-editor.default\">\n\t\t\t\t<div class=\"elementor-widget-container\">\n\t\t\t\t\t\t\t<p><strong><b class=\"\"><span class=\"\">Henry Hey<\/span><\/b> <\/strong><br \/><span class=\"\">Directeur g\u00e9n\u00e9ral, Canada,\u00a0<\/span><span class=\"\">Cardtronics<\/span><span class=\"\">\u00a0<\/span><br \/><strong>Administrateur, Association canadienne du transport s\u00e9curis\u00e9<\/strong><\/p><p>\u00a0<\/p><p>Henry Hey est un professionnel de la logistique et des cha\u00eenes d\u2019approvisionnement de valeurs mondiales, ayant plus de 25\u00a0ans d\u2019exp\u00e9rience internationale en exploitation, en gestion et en consultation. Son expertise se d\u00e9ploie dans un vaste \u00e9ventail de domaines, notamment en ventes, en strat\u00e9gie, en exploitation, en transport et logistique, en analyse comparative et en optimisation des activit\u00e9s. M. Hey a acquis une grande exp\u00e9rience au sein de nombreuses entreprises de logistique exer\u00e7ant leurs activit\u00e9s en mode vertical. \u00c0 titre de directeur g\u00e9n\u00e9ral de Cardtronics Canada, il dirige actuellement l\u2019un des plus grands r\u00e9seaux de guichets automatiques au Canada. Auparavant, il a occup\u00e9 pendant pr\u00e8s de 17\u00a0ans des postes de haute direction, tant au Canada qu\u2019\u00e0 l\u2019\u00e9tranger, pour l\u2019entreprise Brink\u2019s. M. Hey est actif au sein de conseils d\u2019administration pour la gestion de cha\u00eenes d\u2019approvisionnement et de professionnels LEAN sur les plans national et international.<\/p>\t\t\t\t\t\t<\/div>\n\t\t\t\t<\/div>\n\t\t\t\t\t<\/div>\n\t\t<\/div>\n\t\t\t\t\t<\/div>\n\t\t<\/section>\n\t\t\t\t<section class=\"elementor-section elementor-top-section elementor-element elementor-element-2042989 elementor-section-boxed elementor-section-height-default elementor-section-height-default\" data-id=\"2042989\" data-element_type=\"section\">\n\t\t\t\t\t\t<div class=\"elementor-container elementor-column-gap-default\">\n\t\t\t\t\t<div class=\"elementor-column elementor-col-50 elementor-top-column elementor-element elementor-element-c4024b3\" data-id=\"c4024b3\" data-element_type=\"column\">\n\t\t\t<div class=\"elementor-widget-wrap elementor-element-populated\">\n\t\t\t\t\t\t<div class=\"elementor-element elementor-element-3626137 elementor-widget elementor-widget-menu-anchor\" data-id=\"3626137\" data-element_type=\"widget\" data-widget_type=\"menu-anchor.default\">\n\t\t\t\t<div class=\"elementor-widget-container\">\n\t\t\t\t\t<div class=\"elementor-menu-anchor\" id=\"mlowers\"><\/div>\n\t\t\t\t<\/div>\n\t\t\t\t<\/div>\n\t\t\t\t<div class=\"elementor-element elementor-element-8371367 elementor-widget elementor-widget-image\" data-id=\"8371367\" data-element_type=\"widget\" data-widget_type=\"image.default\">\n\t\t\t\t<div class=\"elementor-widget-container\">\n\t\t\t\t\t\t\t\t\t\t\t\t\t<img loading=\"lazy\" decoding=\"async\" width=\"90\" height=\"122\" src=\"https:\/\/www.cast-acts.ca\/gdc\/wp-content\/uploads\/2020\/05\/img-D.Mark-Lowers.jpg\" class=\"attachment-large size-large wp-image-114\" alt=\"\" \/>\t\t\t\t\t\t\t\t\t\t\t\t\t<\/div>\n\t\t\t\t<\/div>\n\t\t\t\t\t<\/div>\n\t\t<\/div>\n\t\t\t\t<div class=\"elementor-column elementor-col-50 elementor-top-column elementor-element elementor-element-5675be6\" data-id=\"5675be6\" data-element_type=\"column\">\n\t\t\t<div class=\"elementor-widget-wrap elementor-element-populated\">\n\t\t\t\t\t\t<div class=\"elementor-element elementor-element-eddbfe9 elementor-widget elementor-widget-text-editor\" data-id=\"eddbfe9\" data-element_type=\"widget\" data-widget_type=\"text-editor.default\">\n\t\t\t\t<div class=\"elementor-widget-container\">\n\t\t\t\t\t\t\t<p><strong>D. Mark Lowers, CFE<\/strong><br>Pr\u00e9sident et chef de la direction, Lowers &amp; Associates<br><strong>Administrateur, Association canadienne du transport s\u00e9curis\u00e9<\/strong><\/p>\n<p><br><\/p><p>D. Mark Lowers est une sommit\u00e9 internationale en mati\u00e8re de gestion des risques, y compris ses nombreuses disciplines constitutives. Largement cit\u00e9 dans les domaines de la gestion des risques et de la s\u00e9curit\u00e9, il a \u00e9galement publi\u00e9 de nombreux articles portant sur ces sujets. Examinateur agr\u00e9\u00e9 en mati\u00e8re de fraude, il cumule plus de 38 ans d&rsquo;exp\u00e9rience \u00e0 administrer des fonctions de gestion des risques, notamment l&rsquo;\u00e9valuation des risques, les techniques d&rsquo;att\u00e9nuation des risques, les audits et les programmes de conformit\u00e9. M. Lowers si\u00e8ge \u00e0 plusieurs conseils d&rsquo;administration et il est actuellement pr\u00e9sident de la SCTA (Secure Cash &amp; Transport Association). Avant de lancer Lowers &amp; Associates et Lowers Risk Group, M. Lowers \u00e9tait pr\u00e9sident et chef de la direction de Amsec International, une entreprise de s\u00e9curit\u00e9 mondiale situ\u00e9e \u00e0 Winchester, en Virginie. En l\u2019espace de deux d\u00e9cennies, Mark Lowers a r\u00e9ussi \u00e0 propulser son entreprise d\u2019installateur de s\u00e9curit\u00e9 local \u00e0 une soci\u00e9t\u00e9 de gestion des risques de renomm\u00e9e internationale.<\/p>\t\t\t\t\t\t<\/div>\n\t\t\t\t<\/div>\n\t\t\t\t\t<\/div>\n\t\t<\/div>\n\t\t\t\t\t<\/div>\n\t\t<\/section>\n\t\t\t\t<\/div>\n\t\t","protected":false},"excerpt":{"rendered":"<p>Conseil d&rsquo;administration Steven MeitinDirecteur national, Soutien aux op\u00e9rations chez\u00a0Groupe de transporteurs Day &amp; RossPr\u00e9sident, Association canadienne du transport s\u00e9curis\u00e9 \u00a0 Fort d\u2019une exp\u00e9rience de plus de 30 ans dans le domaine du transport s\u00e9curis\u00e9, Steven Meitin est un professionnel exp\u00e9riment\u00e9 dot\u00e9 d\u2019une impressionnante feuille de route en mati\u00e8re de logistique canadienne, am\u00e9ricaine et mondiale. M. &#8230; <a title=\"Conseil d&rsquo;administration\" class=\"read-more\" href=\"https:\/\/www.cast-acts.ca\/fr\/conseil-dadministration\/\">Read more<\/a><\/p>\n","protected":false},"author":2,"featured_media":0,"parent":0,"menu_order":0,"comment_status":"closed","ping_status":"closed","template":"","meta":{"footnotes":""},"class_list":["post-224","page","type-page","status-publish"],"_links":{"self":[{"href":"https:\/\/www.cast-acts.ca\/fr\/wp-json\/wp\/v2\/pages\/224"}],"collection":[{"href":"https:\/\/www.cast-acts.ca\/fr\/wp-json\/wp\/v2\/pages"}],"about":[{"href":"https:\/\/www.cast-acts.ca\/fr\/wp-json\/wp\/v2\/types\/page"}],"author":[{"embeddable":true,"href":"https:\/\/www.cast-acts.ca\/fr\/wp-json\/wp\/v2\/users\/2"}],"replies":[{"embeddable":true,"href":"https:\/\/www.cast-acts.ca\/fr\/wp-json\/wp\/v2\/comments?post=224"}],"version-history":[{"count":13,"href":"https:\/\/www.cast-acts.ca\/fr\/wp-json\/wp\/v2\/pages\/224\/revisions"}],"predecessor-version":[{"id":815,"href":"https:\/\/www.cast-acts.ca\/fr\/wp-json\/wp\/v2\/pages\/224\/revisions\/815"}],"wp:attachment":[{"href":"https:\/\/www.cast-acts.ca\/fr\/wp-json\/wp\/v2\/media?parent=224"}],"curies":[{"name":"wp","href":"https:\/\/api.w.org\/{rel}","templated":true}]}}