{"id":232,"date":"2020-05-05T14:38:28","date_gmt":"2020-05-05T14:38:28","guid":{"rendered":"https:\/\/www.cast-acts.ca\/gdc\/pr_2020mar21\/"},"modified":"2020-05-06T15:32:13","modified_gmt":"2020-05-06T15:32:13","slug":"pr_2020mar21","status":"publish","type":"page","link":"https:\/\/www.cast-acts.ca\/fr\/pr_2020mar21\/","title":{"rendered":"pr_2020mar21"},"content":{"rendered":"\t\t<div data-elementor-type=\"wp-page\" data-elementor-id=\"232\" class=\"elementor elementor-232 elementor-175\" data-elementor-post-type=\"page\">\n\t\t\t\t\t\t<section class=\"elementor-section elementor-top-section elementor-element elementor-element-04b716b elementor-section-boxed elementor-section-height-default elementor-section-height-default\" data-id=\"04b716b\" data-element_type=\"section\">\n\t\t\t\t\t\t<div class=\"elementor-container elementor-column-gap-default\">\n\t\t\t\t\t<div class=\"elementor-column elementor-col-100 elementor-top-column elementor-element elementor-element-f4e5ebb\" data-id=\"f4e5ebb\" data-element_type=\"column\">\n\t\t\t<div class=\"elementor-widget-wrap elementor-element-populated\">\n\t\t\t\t\t\t<div class=\"elementor-element elementor-element-92da261 elementor-widget elementor-widget-heading\" data-id=\"92da261\" data-element_type=\"widget\" data-widget_type=\"heading.default\">\n\t\t\t\t<div class=\"elementor-widget-container\">\n\t\t\t<h2 class=\"elementor-heading-title elementor-size-default\">Nouvelles<\/h2>\t\t<\/div>\n\t\t\t\t<\/div>\n\t\t\t\t\t<\/div>\n\t\t<\/div>\n\t\t\t\t\t<\/div>\n\t\t<\/section>\n\t\t\t\t<section class=\"elementor-section elementor-top-section elementor-element elementor-element-9e903dd elementor-section-boxed elementor-section-height-default elementor-section-height-default\" data-id=\"9e903dd\" data-element_type=\"section\">\n\t\t\t\t\t\t<div class=\"elementor-container elementor-column-gap-default\">\n\t\t\t\t\t<div class=\"elementor-column elementor-col-100 elementor-top-column elementor-element elementor-element-1841fe3\" data-id=\"1841fe3\" data-element_type=\"column\">\n\t\t\t<div class=\"elementor-widget-wrap elementor-element-populated\">\n\t\t\t\t\t\t<div class=\"elementor-element elementor-element-b21fb2f elementor-widget elementor-widget-text-editor\" data-id=\"b21fb2f\" data-element_type=\"widget\" data-widget_type=\"text-editor.default\">\n\t\t\t\t<div class=\"elementor-widget-container\">\n\t\t\t\t\t\t\t<h3><strong>Lettre ouverte : Refuser l\u2019argent comptant, c\u2019est s\u2019en prendre \u00e0 la mauvaise cible<\/strong><\/h3><p>En r\u00e9action au refus par certains commerces d\u2019accepter le paiement en argent comptant, vous trouverez ici-bas une lettre ouverte de la part de l\u2019Association canadienne du transport s\u00e9curis\u00e9.<\/p><p>\u00a0<\/p><p><strong>Montr\u00e9al, QC; 21 mars 2020 \u2013<\/strong> Alors que la pand\u00e9mie de Covid-19 nous am\u00e8ne avec raison \u00e0 redoubler d\u2019ardeur en mati\u00e8re d\u2019hygi\u00e8ne et de propret\u00e9, il importe n\u00e9anmoins de s\u2019appuyer sur les faits, et non sur la peur, avant d\u2019implanter certaines mesures qui ne sont pas sans cons\u00e9quence.<\/p><p>\u00a0<\/p><p>Tenter de freiner la propagation de la Covid-19 en bannissant l\u2019argent comptant en est un exemple probant. Bien au-del\u00e0 du simple paiement, des consid\u00e9rations d\u2019ordre moral, soci\u00e9tal et \u00e9conomique entrent en jeu, et ce, dans un contexte o\u00f9 la manipulation des billets de banque ne repr\u00e9sente pas un risque plus grand que le fait de toucher des surfaces comme les poign\u00e9es de porte, les rampes d\u2019escalier et les machines \u00e0 carte de d\u00e9bit\/cr\u00e9dit. Bien se laver les mains et \u00e9viter de se toucher le visage sont les gestes qui fonctionnent, ce que les autorit\u00e9s de sant\u00e9 publiques ne cessent de rappeler.<\/p><p>\u00a0<\/p><p>L\u2019argent comptant est de loin la forme de paiement la plus utilis\u00e9e dans le monde et compte pour plus de 85 % des transactions \u00e0 l\u2019\u00e9chelle de la plan\u00e8te. Les billets de banque ont cours l\u00e9gal au Canada et bon nombre de citoyens les utilisent pour se procurer des biens et des services essentiels. Les priver de cette option revient \u00e0 p\u00e9naliser une importante tranche de la population. Ne pensons qu\u2019aux personnes plus vuln\u00e9rables n\u2019ayant pas acc\u00e8s au cr\u00e9dit, aux nombreux jeunes ne poss\u00e9dant pas de compte bancaire, aux personnes \u00e2g\u00e9es, aux non-voyants et la liste s\u2019allonge. La Banque du Canada a notamment publi\u00e9 un communiqu\u00e9 en ce sens, en recommandant vivement aux d\u00e9taillants de continuer \u00e0 accepter les billets de banque et je cite \u00ab refuser d\u2019accepter des paiements en esp\u00e8ces peut cr\u00e9er des difficult\u00e9s injustifi\u00e9es aux personnes qui d\u00e9pendent de l\u2019argent comptant pour faire leurs achats. \u00bb<\/p><p>\u00a0<\/p><p>Dans de nombreuses situations, l\u2019argent comptant s\u2019av\u00e8re \u00e9galement d\u2019une importance cruciale, soit comme plan de contingence ou en urgence. Nul n\u2019est \u00e0 l\u2019abri des d\u00e9faillances informatiques et des pannes d\u2019\u00e9lectricit\u00e9 qui emp\u00eachent l\u2019utilisation des cartes de d\u00e9bit\/cr\u00e9dit ni des situations hors de notre contr\u00f4le comme nous le vivons malheureusement trop ces jours-ci.<\/p><p>\u00a0<\/p><p>Ce n\u2019est donc nullement le moment d\u2019exclure des groupes ou d\u2019aggraver le sort de certaines personnes. Il importe plus que jamais de poser les bons gestes, de mani\u00e8re r\u00e9fl\u00e9chie.<\/p><p>\u00a0<\/p><p>Refuser l\u2019argent comptant, c\u2019est tout simplement s\u2019en prendre \u00e0 la mauvaise cible.<\/p><p>\u00a0<\/p><p><strong>Steven Meitin<\/strong><br \/>Pr\u00e9sident<br \/>Association canadienne du transport s\u00e9curis\u00e9<\/p><p>\u00a0<\/p><p><strong>\u00c0 propos de l\u2019Association canadienne du transport s\u00e9curis\u00e9<\/strong><\/p><p>La mission de l\u2019Association canadienne du transport s\u00e9curis\u00e9 (ACTS) est de promouvoir et d\u00e9fendre les int\u00e9r\u00eats des fournisseurs canadiens de transport de valeurs, offrir un lieu d\u2019\u00e9change b\u00e9n\u00e9fique pour les membres et encourager l&rsquo;avancement et l&rsquo;excellence des normes de l&rsquo;industrie \u00e0 l\u2019\u00e9chelle du Canada et \u00e0 l&rsquo;\u00e9tranger.<\/p>\t\t\t\t\t\t<\/div>\n\t\t\t\t<\/div>\n\t\t\t\t\t<\/div>\n\t\t<\/div>\n\t\t\t\t\t<\/div>\n\t\t<\/section>\n\t\t\t\t<\/div>\n\t\t","protected":false},"excerpt":{"rendered":"<p>Nouvelles Lettre ouverte : Refuser l\u2019argent comptant, c\u2019est s\u2019en prendre \u00e0 la mauvaise cible En r\u00e9action au refus par certains commerces d\u2019accepter le paiement en argent comptant, vous trouverez ici-bas une lettre ouverte de la part de l\u2019Association canadienne du transport s\u00e9curis\u00e9. \u00a0 Montr\u00e9al, QC; 21 mars 2020 \u2013 Alors que la pand\u00e9mie de Covid-19 &#8230; <a title=\"pr_2020mar21\" class=\"read-more\" href=\"https:\/\/www.cast-acts.ca\/fr\/pr_2020mar21\/\">Read more<\/a><\/p>\n","protected":false},"author":2,"featured_media":0,"parent":0,"menu_order":0,"comment_status":"closed","ping_status":"closed","template":"","meta":{"footnotes":""},"class_list":["post-232","page","type-page","status-publish"],"_links":{"self":[{"href":"https:\/\/www.cast-acts.ca\/fr\/wp-json\/wp\/v2\/pages\/232"}],"collection":[{"href":"https:\/\/www.cast-acts.ca\/fr\/wp-json\/wp\/v2\/pages"}],"about":[{"href":"https:\/\/www.cast-acts.ca\/fr\/wp-json\/wp\/v2\/types\/page"}],"author":[{"embeddable":true,"href":"https:\/\/www.cast-acts.ca\/fr\/wp-json\/wp\/v2\/users\/2"}],"replies":[{"embeddable":true,"href":"https:\/\/www.cast-acts.ca\/fr\/wp-json\/wp\/v2\/comments?post=232"}],"version-history":[{"count":8,"href":"https:\/\/www.cast-acts.ca\/fr\/wp-json\/wp\/v2\/pages\/232\/revisions"}],"predecessor-version":[{"id":391,"href":"https:\/\/www.cast-acts.ca\/fr\/wp-json\/wp\/v2\/pages\/232\/revisions\/391"}],"wp:attachment":[{"href":"https:\/\/www.cast-acts.ca\/fr\/wp-json\/wp\/v2\/media?parent=232"}],"curies":[{"name":"wp","href":"https:\/\/api.w.org\/{rel}","templated":true}]}}