{"id":344,"date":"2020-05-06T14:00:37","date_gmt":"2020-05-06T14:00:37","guid":{"rendered":"https:\/\/www.cast-acts.ca\/pr_2020may06\/"},"modified":"2020-05-06T16:05:56","modified_gmt":"2020-05-06T16:05:56","slug":"pr_2020may06","status":"publish","type":"page","link":"https:\/\/www.cast-acts.ca\/fr\/pr_2020may06\/","title":{"rendered":"pr_2020may06"},"content":{"rendered":"\t\t<div data-elementor-type=\"wp-page\" data-elementor-id=\"344\" class=\"elementor elementor-344 elementor-339\" data-elementor-post-type=\"page\">\n\t\t\t\t\t\t<section class=\"elementor-section elementor-top-section elementor-element elementor-element-43efc80 elementor-section-boxed elementor-section-height-default elementor-section-height-default\" data-id=\"43efc80\" data-element_type=\"section\">\n\t\t\t\t\t\t<div class=\"elementor-container elementor-column-gap-default\">\n\t\t\t\t\t<div class=\"elementor-column elementor-col-100 elementor-top-column elementor-element elementor-element-9211af8\" data-id=\"9211af8\" data-element_type=\"column\">\n\t\t\t<div class=\"elementor-widget-wrap elementor-element-populated\">\n\t\t\t\t\t\t<div class=\"elementor-element elementor-element-f9fb77c elementor-widget elementor-widget-heading\" data-id=\"f9fb77c\" data-element_type=\"widget\" data-widget_type=\"heading.default\">\n\t\t\t\t<div class=\"elementor-widget-container\">\n\t\t\t<h2 class=\"elementor-heading-title elementor-size-default\">Nouvelles<\/h2>\t\t<\/div>\n\t\t\t\t<\/div>\n\t\t\t\t\t<\/div>\n\t\t<\/div>\n\t\t\t\t\t<\/div>\n\t\t<\/section>\n\t\t\t\t<section class=\"elementor-section elementor-top-section elementor-element elementor-element-dc6d5ae elementor-section-boxed elementor-section-height-default elementor-section-height-default\" data-id=\"dc6d5ae\" data-element_type=\"section\">\n\t\t\t\t\t\t<div class=\"elementor-container elementor-column-gap-default\">\n\t\t\t\t\t<div class=\"elementor-column elementor-col-100 elementor-top-column elementor-element elementor-element-f81c304\" data-id=\"f81c304\" data-element_type=\"column\">\n\t\t\t<div class=\"elementor-widget-wrap elementor-element-populated\">\n\t\t\t\t\t\t<div class=\"elementor-element elementor-element-853734f elementor-widget elementor-widget-text-editor\" data-id=\"853734f\" data-element_type=\"widget\" data-widget_type=\"text-editor.default\">\n\t\t\t\t<div class=\"elementor-widget-container\">\n\t\t\t\t\t\t\t<p><strong>POUR PUBLICATION IMM\u00c9DIATE<\/strong><\/p><p><strong>Contact m\u00e9dias :<\/strong><br \/>Steven Meitin<br \/>Pr\u00e9sident, Association canadienne du transport s\u00e9curis\u00e9 (ACTS)<br \/>contact_cast@cast-acts.ca<br \/>www.cast-acts.ca<\/p><h3>\u00a0<\/h3><h3><strong>COVID-19 : L\u2019argent comptant n\u2019est pas plus risqu\u00e9\u00a0que les cartes bancaires ou les t\u00e9l\u00e9phones cellulaires<\/strong><\/h3><p><strong>Montr\u00e9al (Qu\u00e9bec), le 6 mai 2020 \u2013<\/strong> L\u2019Association canadienne du transport s\u00e9curis\u00e9 (ACTS) a diffus\u00e9 la d\u00e9claration suivante en r\u00e9ponse au refus persistant de nombreux d\u00e9taillants \u00e0 l\u2019\u00e9chelle du Canada d\u2019accepter l\u2019argent comptant comme mode de paiement par crainte de transmission de la COVID-19.<\/p><p>\u00a0<\/p><p>Alors que la pand\u00e9mie de COVID-19 nous am\u00e8ne avec raison \u00e0 redoubler d\u2019ardeur en mati\u00e8re d\u2019hygi\u00e8ne et de propret\u00e9, il importe n\u00e9anmoins de s\u2019appuyer sur les faits, et non sur la peur, avant d\u2019implanter certaines mesures qui ne sont pas sans cons\u00e9quence. Tenter de freiner la propagation de la COVID-19 en bannissant l\u2019argent comptant en est un exemple probant qui peut avoir des consid\u00e9rations d\u2019ordre moral, soci\u00e9tal et \u00e9conomique. Selon les publications scientifiques les plus reconnues sur le sujet, la manipulation de la monnaie comporte un risque tr\u00e8s faible de contracter la COVID-19.<\/p><p>\u00a0<\/p><p>\u00c0 titre de repr\u00e9sentant d\u2019organisations vou\u00e9es \u00e0 assurer et \u00e0 surveiller la livraison et l\u2019utilisation d\u2019argent comptant sur une base quotidienne \u00e0 la grandeur du pays, l\u2019ACTS recommande de faire preuve de jugement quant aux mesures de pr\u00e9caution \u00e0 adopter par les consommateurs et les marchands lors de la manipulation de pi\u00e8ces de monnaie et de billets de banque. L\u2019ACTS juge \u00e9galement important que le public ait acc\u00e8s \u00e0 des renseignements complets et exacts, qui ne reposent pas sur des craintes infond\u00e9es en ce qui a trait \u00e0 l\u2019utilisation de l\u2019argent comptant en comparaison \u00e0 d\u2019autres formes de paiement.<\/p><p>\u00a0<\/p><p>Selon <a href=\"https:\/\/www.canada.ca\/fr\/sante-publique\/services\/maladies\/2019-nouveau-coronavirus\/prevention-risques.html\" target=\"_blank\" rel=\"noopener\"><strong>Sant\u00e9 Canada<\/strong><\/a>, les maladies \u00e0 coronavirus \u00ab se propagent le plus souvent par des gouttelettes respiratoires produites lorsqu\u2019une personne infect\u00e9e tousse ou \u00e9ternue; par un contact personnel \u00e9troit prolong\u00e9 avec une personne infect\u00e9e, comme un contact direct ou une poign\u00e9e de main; ou par un contact avec des surfaces infect\u00e9es, suivi du contact de la main avec la bouche, le nez ou les yeux avant de se laver les mains \u00bb.<\/p><p>\u00a0<\/p><p>L\u2019<a href=\"https:\/\/www.who.int\/fr\/home\" target=\"_blank\" rel=\"noopener\"><strong>Organisation mondiale de la sant\u00e9 (OMS)<\/strong><\/a> affirme qu\u2019aucune preuve ne confirme ou n\u2019infirme que le virus de la COVID-19 peut \u00eatre transmis par les pi\u00e8ces de monnaie ou les billets de banque. Cependant, les gouttelettes respiratoires expuls\u00e9es par une personne infect\u00e9e peuvent contaminer les surfaces et y rester. L\u2019OMS recommande de se laver les mains r\u00e9guli\u00e8rement et vigoureusement apr\u00e8s \u00eatre entr\u00e9 en contact avec une surface ou un objet touch\u00e9 fr\u00e9quemment, y compris les pi\u00e8ces de monnaie et les billets de banque. Elle ajoute \u00e9galement qu\u2019il faut \u00e9viter de toucher ses yeux, sa bouche et son nez avant d\u2019avoir nettoy\u00e9 ses mains.<\/p><p>\u00a0<\/p><p>Non seulement la manipulation de l\u2019argent comptant pr\u00e9sente un faible risque de contracter la COVID-19, mais le maintien de sa disponibilit\u00e9 constante comme mode de paiement est crucial pour les Canadiens qui en d\u00e9pendent au quotidien. Nous ne disposons d\u2019aucune preuve scientifique fiable d\u00e9montrant qu\u2019il est n\u00e9cessaire d\u2019abandonner les c\u00f4t\u00e9s pratiques, s\u00e9curitaires et de confidentialit\u00e9 offerts par les transactions au comptant au profit de bonnes pratiques d\u2019hygi\u00e8ne ou de sant\u00e9 publique.<\/p><p>\u00a0<\/p><p>L\u2019argent comptant est de loin la forme de paiement la plus utilis\u00e9e dans le monde et compte pour plus de 85 % des transactions \u00e0 l\u2019\u00e9chelle de la plan\u00e8te. Les billets de banque ont cours l\u00e9gal au Canada et bon nombre de citoyens les utilisent pour se procurer des biens et des services essentiels. Les priver de cette option revient \u00e0 p\u00e9naliser une importante tranche de la population. Il n\u2019y a qu\u2019\u00e0 penser aux personnes plus vuln\u00e9rables n\u2019ayant pas acc\u00e8s au cr\u00e9dit, aux nombreux jeunes ne poss\u00e9dant pas de compte bancaire, aux personnes \u00e2g\u00e9es, aux non-voyants et la liste s\u2019allonge.<\/p><p>\u00a0<\/p><p>Comme l\u2019ont soulign\u00e9 divers m\u00e9dias, la <a href=\"https:\/\/www.banqueducanada.ca\/2020\/04\/banque-canada-demande-detaillants-continuer-accepter-argent\/?_ga=2.103009865.87850838.1588700601-1338332596.1586456351\" target=\"_blank\" rel=\"noopener\"><strong>Banque du Canada<\/strong><\/a> \u00ab recommande aussi vivement aux d\u00e9taillants de continuer \u00e0 accepter l\u2019argent comptant pour que les Canadiens puissent avoir acc\u00e8s aux biens et services qu\u2019il leur faut. Le refus cat\u00e9gorique des paiements en esp\u00e8ces cr\u00e9era des difficult\u00e9s injustifi\u00e9es aux personnes qui d\u00e9pendent de l\u2019argent comptant pour payer leurs achats et qui ont des options limit\u00e9es. Il est important de savoir qu\u2019il n\u2019est pas plus risqu\u00e9 de manipuler de l\u2019argent comptant que de toucher une autre surface commune, comme une poign\u00e9e de porte, un comptoir de cuisine ou une rampe d\u2019escalier. Les Canadiens qui manipulent de l\u2019argent comptant doivent suivre les mesures prescrites par les autorit\u00e9s de sant\u00e9 publique contre la COVID-19 et se laver les mains souvent, comme elles le feraient dans d\u2019autres circonstances. \u00bb<\/p><p>\u00a0<\/p><p><strong>Bulletin de la Banque des r\u00e8glements internationaux sur la COVID-19<\/strong><br \/>Bas\u00e9e en Suisse, la <a href=\"https:\/\/www.bis.org\/\" target=\"_blank\" rel=\"noopener\"><strong>Banque des r\u00e8glements internationaux<\/strong><\/a> a pour mission de servir les banques centrales et se concentre sur les enjeux li\u00e9s aux politiques rev\u00eatant une grande importance pour les banques centrales et la communaut\u00e9 de surveillance financi\u00e8re. Lors d\u2019une <a href=\"https:\/\/www.bis.org\/publ\/bisbull03.pdf\" target=\"_blank\" rel=\"noopener\"><strong>r\u00e9cente publication<\/strong><\/a>, la Banque a pr\u00e9sent\u00e9 des preuves scientifiques qui <strong>sugg\u00e8rent que la probabilit\u00e9 de transmission de la COVID-19 par les billets de banque est faible lorsqu\u2019elle est compar\u00e9e \u00e0 d\u2019autres objets touch\u00e9s fr\u00e9quemment, comme les terminaux de carte de cr\u00e9dit ou les claviers de NIP<\/strong>. La publication d\u00e9montre \u00e9galement que les entreprises refusant ou d\u00e9courageant l\u2019utilisation d\u2019argent comptant pourraient acc\u00e9l\u00e9rer la transition vers les paiements num\u00e9riques. Cette transition pourrait cr\u00e9er un foss\u00e9 en mati\u00e8re d\u2019acc\u00e8s aux modes de paiement et, par cons\u00e9quent, nuire aux consommateurs plus \u00e2g\u00e9s ou ne disposant pas de comptes bancaires.<\/p><p>\u00a0<\/p><p><strong>\u00c9tude du Journal of Applied and Environmental Microbiology<\/strong><br \/>Des microbiologistes de l\u2019Universit\u00e9 de l\u2019Arizona et de l\u2019Universit\u00e9 d\u2019\u00c9tat du Michigan ont men\u00e9 une \u00e9tude en 2013 pour mesurer l\u2019\u00ab efficacit\u00e9 des transferts \u00bb sur le billet de banque am\u00e9ricain, qui est fabriqu\u00e9 \u00e0 partir d\u2019un mat\u00e9riau poreux unique, compos\u00e9 \u00e0 75 % de coton et \u00e0 25 % de lin, selon le site Web du d\u00e9partement du Tr\u00e9sor. L\u2019\u00e9tude s\u2019int\u00e9ressait \u00e0 la probabilit\u00e9 que des gens contractent des bact\u00e9ries ou d\u2019autres virus lors d\u2019un contact avec diverses surfaces, poreuses ou non. Le billet de banque am\u00e9ricain avait \u00e9t\u00e9 retenu comme l\u2019une des trois surfaces poreuses (de concert avec six surfaces non poreuses, dont le m\u00e9tal, le verre et la c\u00e9ramique). Publi\u00e9e dans le Journal of Applied and Environmental Microbiology, l\u2019\u00e9tude a finalement d\u00e9montr\u00e9 que le<strong> billet de banque am\u00e9ricain, dot\u00e9 d\u2019une surface poreuse, avait une moyenne d\u2019efficacit\u00e9 de transfert plus faible que toutes les autres surfaces analys\u00e9es<\/strong> \u2013 variant entre 0,05 % \u00e0 0,2 % \u2013 alors que la moyenne de l\u2019efficacit\u00e9 mesur\u00e9e sur les surfaces non poreuses s\u2019\u00e9levait \u00e0 79,5 %.<\/p><p>\u00a0<\/p><p>\u00c0 la lumi\u00e8re des publications scientifiques disponibles, l\u2019ACTS estime que la manipulation de l\u2019argent comptant comporte peu de risques de transmettre la COVID-19, dans la mesure o\u00f9 les proc\u00e9dures ad\u00e9quates sont appliqu\u00e9es, soit les m\u00eames pr\u00e9cautions qui sont recommand\u00e9es pour la manipulation des cartes de cr\u00e9dit et de d\u00e9bit ou des t\u00e9l\u00e9phones cellulaires.<\/p><p>\u00a0<\/p><p><strong>\u00c0 propos de l\u2019Association canadienne du transport s\u00e9curis\u00e9<\/strong><br \/>La mission de l\u2019Association canadienne du transport s\u00e9curis\u00e9 (ACTS) est de promouvoir et de d\u00e9fendre les int\u00e9r\u00eats des fournisseurs canadiens de transport de valeurs, d\u2019offrir un lieu d\u2019\u00e9change b\u00e9n\u00e9fique pour les membres et d\u2019encourager l\u2019avancement et l\u2019excellence des normes de l\u2019industrie \u00e0 l\u2019\u00e9chelle du Canada et \u00e0 l\u2019\u00e9tranger.<\/p>\t\t\t\t\t\t<\/div>\n\t\t\t\t<\/div>\n\t\t\t\t\t<\/div>\n\t\t<\/div>\n\t\t\t\t\t<\/div>\n\t\t<\/section>\n\t\t\t\t<\/div>\n\t\t","protected":false},"excerpt":{"rendered":"<p>Nouvelles POUR PUBLICATION IMM\u00c9DIATE Contact m\u00e9dias :Steven MeitinPr\u00e9sident, Association canadienne du transport s\u00e9curis\u00e9 (ACTS)contact_cast@cast-acts.cawww.cast-acts.ca \u00a0 COVID-19 : L\u2019argent comptant n\u2019est pas plus risqu\u00e9\u00a0que les cartes bancaires ou les t\u00e9l\u00e9phones cellulaires Montr\u00e9al (Qu\u00e9bec), le 6 mai 2020 \u2013 L\u2019Association canadienne du transport s\u00e9curis\u00e9 (ACTS) a diffus\u00e9 la d\u00e9claration suivante en r\u00e9ponse au refus persistant de nombreux &#8230; <a title=\"pr_2020may06\" class=\"read-more\" href=\"https:\/\/www.cast-acts.ca\/fr\/pr_2020may06\/\">Read more<\/a><\/p>\n","protected":false},"author":2,"featured_media":0,"parent":0,"menu_order":0,"comment_status":"closed","ping_status":"closed","template":"","meta":{"footnotes":""},"class_list":["post-344","page","type-page","status-publish"],"_links":{"self":[{"href":"https:\/\/www.cast-acts.ca\/fr\/wp-json\/wp\/v2\/pages\/344"}],"collection":[{"href":"https:\/\/www.cast-acts.ca\/fr\/wp-json\/wp\/v2\/pages"}],"about":[{"href":"https:\/\/www.cast-acts.ca\/fr\/wp-json\/wp\/v2\/types\/page"}],"author":[{"embeddable":true,"href":"https:\/\/www.cast-acts.ca\/fr\/wp-json\/wp\/v2\/users\/2"}],"replies":[{"embeddable":true,"href":"https:\/\/www.cast-acts.ca\/fr\/wp-json\/wp\/v2\/comments?post=344"}],"version-history":[{"count":6,"href":"https:\/\/www.cast-acts.ca\/fr\/wp-json\/wp\/v2\/pages\/344\/revisions"}],"predecessor-version":[{"id":405,"href":"https:\/\/www.cast-acts.ca\/fr\/wp-json\/wp\/v2\/pages\/344\/revisions\/405"}],"wp:attachment":[{"href":"https:\/\/www.cast-acts.ca\/fr\/wp-json\/wp\/v2\/media?parent=344"}],"curies":[{"name":"wp","href":"https:\/\/api.w.org\/{rel}","templated":true}]}}