{"id":535,"date":"2020-05-21T13:47:41","date_gmt":"2020-05-21T13:47:41","guid":{"rendered":"https:\/\/www.cast-acts.ca\/pr_2020may21\/"},"modified":"2020-05-21T15:59:34","modified_gmt":"2020-05-21T15:59:34","slug":"pr_2020may21","status":"publish","type":"page","link":"https:\/\/www.cast-acts.ca\/fr\/pr_2020may21\/","title":{"rendered":"pr_2020may21"},"content":{"rendered":"\t\t<div data-elementor-type=\"wp-page\" data-elementor-id=\"535\" class=\"elementor elementor-535 elementor-531\" data-elementor-post-type=\"page\">\n\t\t\t\t\t\t<section class=\"elementor-section elementor-top-section elementor-element elementor-element-0e5b1fa elementor-section-boxed elementor-section-height-default elementor-section-height-default\" data-id=\"0e5b1fa\" data-element_type=\"section\">\n\t\t\t\t\t\t<div class=\"elementor-container elementor-column-gap-default\">\n\t\t\t\t\t<div class=\"elementor-column elementor-col-100 elementor-top-column elementor-element elementor-element-63feef4\" data-id=\"63feef4\" data-element_type=\"column\">\n\t\t\t<div class=\"elementor-widget-wrap elementor-element-populated\">\n\t\t\t\t\t\t<div class=\"elementor-element elementor-element-ffcf650 elementor-widget elementor-widget-heading\" data-id=\"ffcf650\" data-element_type=\"widget\" data-widget_type=\"heading.default\">\n\t\t\t\t<div class=\"elementor-widget-container\">\n\t\t\t<h2 class=\"elementor-heading-title elementor-size-default\">Nouvelles<\/h2>\t\t<\/div>\n\t\t\t\t<\/div>\n\t\t\t\t\t<\/div>\n\t\t<\/div>\n\t\t\t\t\t<\/div>\n\t\t<\/section>\n\t\t\t\t<section class=\"elementor-section elementor-top-section elementor-element elementor-element-8fbbe4f elementor-section-boxed elementor-section-height-default elementor-section-height-default\" data-id=\"8fbbe4f\" data-element_type=\"section\">\n\t\t\t\t\t\t<div class=\"elementor-container elementor-column-gap-default\">\n\t\t\t\t\t<div class=\"elementor-column elementor-col-100 elementor-top-column elementor-element elementor-element-d130095\" data-id=\"d130095\" data-element_type=\"column\">\n\t\t\t<div class=\"elementor-widget-wrap elementor-element-populated\">\n\t\t\t\t\t\t<div class=\"elementor-element elementor-element-dc8da61 elementor-widget elementor-widget-text-editor\" data-id=\"dc8da61\" data-element_type=\"widget\" data-widget_type=\"text-editor.default\">\n\t\t\t\t<div class=\"elementor-widget-container\">\n\t\t\t\t\t\t\t<h3><strong>Lettre ouverte : Nous devons cesser de bannir l\u2019argent comptant&nbsp;: il est vital pour l\u2019\u00e9conomie et plus s\u00e9curitaire \u00e0 manipuler que les cartes<\/strong><\/h3>\n<p><strong>L\u2019Association canadienne du transport s\u00e9curis\u00e9 a publi\u00e9 cette lettre ouverte afin de contrer l\u2019information erron\u00e9e qui continue de circuler au sujet de la propret\u00e9 de l\u2019argent comptant et compte tenu du fait que certains marchands refusent de l\u2019accepter:<\/strong><\/p>\n<p><strong>&nbsp;<\/strong><\/p>\n<p><strong>Montr\u00e9al, le 21 mai 2020 \u2013 <\/strong>La COVID-19 a fait craindre que l\u2019\u00e9change d\u2019argent comptant soit responsable de la transmission de germes et de virus. Or, les billets de banque sont-ils r\u00e9ellement pires que votre carte de d\u00e9bit ou de cr\u00e9dit? L\u2019entreprise LendEDU, dont la mission est de renseigner les consommateurs sur les produits financiers, <a href=\"https:\/\/lendedu.com\/blog\/dirty-money-credit-cards\/\" target=\"_blank\" rel=\"noopener\">a utilis\u00e9 un appareil scientifique permettant d\u2019\u00e9valuer les bact\u00e9ries sur une surface donn\u00e9e pour d\u00e9terminer le degr\u00e9 r\u00e9el de salet\u00e9 des cartes de d\u00e9bit et de cr\u00e9dit, ainsi que de l\u2019argent comptant<\/a>. L\u2019\u00e9quipe a test\u00e9 le recto et le verso de 41&nbsp;cartes de d\u00e9bit et de cr\u00e9dit diff\u00e9rentes, de 27&nbsp;billets de banque et de 12&nbsp;pi\u00e8ces de monnaie. Apr\u00e8s avoir calcul\u00e9 l\u2019indice moyen de germes d\u00e9cel\u00e9s sur chaque mode de paiement, les cartes de d\u00e9bit et de cr\u00e9dit se sont av\u00e9r\u00e9es le mode de paiement le plus souill\u00e9. <strong>L\u2019\u00e9tude a d\u00e9montr\u00e9 que l\u2019indice moyen de germes des cartes de d\u00e9bit et de cr\u00e9dit \u00e9tait de 285 par opposition \u00e0 148 pour les billets de banque et les pi\u00e8ces de monnaie. L\u2019indice des cartes est donc deux<\/strong><strong> fois plus \u00e9lev\u00e9 que celui de l\u2019argent.<\/strong> Il n\u2019y a qu\u2019\u00e0 penser \u00e0 toutes les surfaces sur lesquelles les cartes sont d\u00e9pos\u00e9es, comme les tables, les bars ou les comptoirs, pour \u00eatre ensuite prises, puis gliss\u00e9es dans les machines. En fait, l\u2019indice moyen pour les cartes de plastique \u00e9tait pire que celui de la salle de bain de la Penn Station, \u00e0 New York, fr\u00e9quent\u00e9e par plus de 650&nbsp;000&nbsp;personnes lors d\u2019une journ\u00e9e de travail moyenne!<\/p><p><br><\/p>\n<p>Arr\u00eater d\u2019utiliser l\u2019argent comptant ne fait que punir certains des membres les plus vuln\u00e9rables de la soci\u00e9t\u00e9&nbsp;: les sans-abri \u00e0 la recherche de quelques dollars pour s\u2019acheter \u00e0 d\u00e9jeuner, les personnes \u00e2g\u00e9es qui ont plus de difficult\u00e9s avec la technologie, les personnes qui ne d\u00e9tiennent pas de carte de cr\u00e9dit, les organismes de bienfaisance qui organisent des collectes de sous (comme les coquelicots pour les v\u00e9t\u00e9rans, les jonquilles pour le cancer, les dons \u00e0 l\u2019Arm\u00e9e du Salut), les pourboires dans l\u2019industrie du service, et la liste est encore longue. Il est aussi essentiel pour les consommateurs de pouvoir choisir parmi diff\u00e9rentes options pour payer leurs biens et services. Alors que certains privil\u00e9gient la commodit\u00e9 des cartes, d\u2019autres pr\u00e9f\u00e8rent la protection de la confidentialit\u00e9 et de l\u2019anonymat que procure l\u2019argent comptant, tout en les aidant \u00e0 g\u00e9rer leur niveau d\u2019endettement. L\u2019argent comptant est une part essentielle de notre \u00e9conomie.<\/p><p><br><\/p>\n<p><a href=\"https:\/\/nocash.ro\/three-quarters-of-consumer-transactions-in-the-euro-area-are-made-in-cash-during-the-crisis-the-demand-for-cash-has-become-less-predictable\/\">Fabio Panetta, un membre du directoire de la Banque centrale europ\u00e9enne<\/a>, a mentionn\u00e9 r\u00e9cemment que&nbsp;: \u00ab&nbsp;Le roulement de l\u2019\u00e9conomie est tributaire d\u2019une disponibilit\u00e9 suffisante d\u2019argent comptant [\u2026] qui demeure le principal mode de paiement pour les consommateurs, et qui est d\u2019une importance capitale pour l\u2019inclusion des citoyens socialement vuln\u00e9rables, comme les personnes \u00e2g\u00e9es ou les groupes \u00e0 plus faible revenu[\u2026] De fa\u00e7on g\u00e9n\u00e9rale, les billets de banque ne repr\u00e9sentent pas un risque particuli\u00e8rement \u00e9lev\u00e9 d\u2019infection comparativement \u00e0 d\u2019autres types de surfaces fr\u00e9quemment touch\u00e9es au quotidien.&nbsp;\u00bb<\/p><p><br><\/p>\n<p>Nous devons cesser de condamner l\u2019argent comptant, et plut\u00f4t continuer d\u2019adopter de bonnes pratiques d\u2019hygi\u00e8ne, tout en faisant preuve de prudence avec les gens qui nous entourent. Il ne faut surtout pas c\u00e9der \u00e0 la peur. La meilleure fa\u00e7on de prot\u00e9ger tous les consommateurs et les marchands est de continuer \u00e0 offrir une vari\u00e9t\u00e9 d\u2019options de paiement et \u00e0 garder notre \u00e9conomie en mouvement. Lavez vos mains fr\u00e9quemment, \u00e9vitez de toucher votre visage et peut-\u00eatre m\u00eame lavez vos cartes et votre argent comptant avec les bons produits, mais ne croyez pas prot\u00e9ger qui que ce soit en refusant d\u2019accepter de l\u2019argent comptant ou en le retirant de notre \u00e9conomie.<\/p><p><br><\/p>\n<p><strong>\u00c0 propos de l\u2019Association canadienne du transport s\u00e9curis\u00e9<\/strong><\/p>\n<p>La mission de l\u2019Association canadienne du transport s\u00e9curis\u00e9 (ACTS) est de promouvoir et de d\u00e9fendre les int\u00e9r\u00eats des fournisseurs canadiens de transport de valeurs, d\u2019offrir un lieu d\u2019\u00e9change b\u00e9n\u00e9fique pour les membres, et d\u2019encourager l\u2019avancement et l\u2019excellence des normes de l\u2019industrie \u00e0 l\u2019\u00e9chelle du Canada et \u00e0 l\u2019\u00e9tranger. <a href=\"https:\/\/www.cast-acts.ca\/fr\/\">https:\/\/www.cast-acts.ca\/fr\/<\/a><\/p>\n<p><strong>&nbsp;<\/strong><\/p>\n<p><strong>Contact :<\/strong><\/p>\n<p>Steven Meitin<\/p>\n<p>Pr\u00e9sident, Association canadienne du transport s\u00e9curis\u00e9 (ACTS)<\/p>\n<p>contact_cast@cast-acts.ca<\/p>\n<p>www.cast-acts.ca<\/p>\t\t\t\t\t\t<\/div>\n\t\t\t\t<\/div>\n\t\t\t\t\t<\/div>\n\t\t<\/div>\n\t\t\t\t\t<\/div>\n\t\t<\/section>\n\t\t\t\t<\/div>\n\t\t","protected":false},"excerpt":{"rendered":"<p>Nouvelles Lettre ouverte : Nous devons cesser de bannir l\u2019argent comptant&nbsp;: il est vital pour l\u2019\u00e9conomie et plus s\u00e9curitaire \u00e0 manipuler que les cartes L\u2019Association canadienne du transport s\u00e9curis\u00e9 a publi\u00e9 cette lettre ouverte afin de contrer l\u2019information erron\u00e9e qui continue de circuler au sujet de la propret\u00e9 de l\u2019argent comptant et compte tenu du &#8230; <a title=\"pr_2020may21\" class=\"read-more\" href=\"https:\/\/www.cast-acts.ca\/fr\/pr_2020may21\/\">Read more<\/a><\/p>\n","protected":false},"author":2,"featured_media":0,"parent":0,"menu_order":0,"comment_status":"closed","ping_status":"closed","template":"","meta":{"footnotes":""},"class_list":["post-535","page","type-page","status-publish"],"_links":{"self":[{"href":"https:\/\/www.cast-acts.ca\/fr\/wp-json\/wp\/v2\/pages\/535"}],"collection":[{"href":"https:\/\/www.cast-acts.ca\/fr\/wp-json\/wp\/v2\/pages"}],"about":[{"href":"https:\/\/www.cast-acts.ca\/fr\/wp-json\/wp\/v2\/types\/page"}],"author":[{"embeddable":true,"href":"https:\/\/www.cast-acts.ca\/fr\/wp-json\/wp\/v2\/users\/2"}],"replies":[{"embeddable":true,"href":"https:\/\/www.cast-acts.ca\/fr\/wp-json\/wp\/v2\/comments?post=535"}],"version-history":[{"count":11,"href":"https:\/\/www.cast-acts.ca\/fr\/wp-json\/wp\/v2\/pages\/535\/revisions"}],"predecessor-version":[{"id":556,"href":"https:\/\/www.cast-acts.ca\/fr\/wp-json\/wp\/v2\/pages\/535\/revisions\/556"}],"wp:attachment":[{"href":"https:\/\/www.cast-acts.ca\/fr\/wp-json\/wp\/v2\/media?parent=535"}],"curies":[{"name":"wp","href":"https:\/\/api.w.org\/{rel}","templated":true}]}}