{"id":579,"date":"2020-06-01T19:20:45","date_gmt":"2020-06-01T19:20:45","guid":{"rendered":"https:\/\/www.cast-acts.ca\/?page_id=579"},"modified":"2020-06-01T19:25:25","modified_gmt":"2020-06-01T19:25:25","slug":"pr_2020may29","status":"publish","type":"page","link":"https:\/\/www.cast-acts.ca\/fr\/pr_2020may29\/","title":{"rendered":"pr_2020may29"},"content":{"rendered":"\t\t<div data-elementor-type=\"wp-page\" data-elementor-id=\"579\" class=\"elementor elementor-579 elementor-578\" data-elementor-post-type=\"page\">\n\t\t\t\t\t\t<section class=\"elementor-section elementor-top-section elementor-element elementor-element-0e5b1fa elementor-section-boxed elementor-section-height-default elementor-section-height-default\" data-id=\"0e5b1fa\" data-element_type=\"section\">\n\t\t\t\t\t\t<div class=\"elementor-container elementor-column-gap-default\">\n\t\t\t\t\t<div class=\"elementor-column elementor-col-100 elementor-top-column elementor-element elementor-element-63feef4\" data-id=\"63feef4\" data-element_type=\"column\">\n\t\t\t<div class=\"elementor-widget-wrap elementor-element-populated\">\n\t\t\t\t\t\t<div class=\"elementor-element elementor-element-ffcf650 elementor-widget elementor-widget-heading\" data-id=\"ffcf650\" data-element_type=\"widget\" data-widget_type=\"heading.default\">\n\t\t\t\t<div class=\"elementor-widget-container\">\n\t\t\t<h2 class=\"elementor-heading-title elementor-size-default\">Nouvelles<\/h2>\t\t<\/div>\n\t\t\t\t<\/div>\n\t\t\t\t\t<\/div>\n\t\t<\/div>\n\t\t\t\t\t<\/div>\n\t\t<\/section>\n\t\t\t\t<section class=\"elementor-section elementor-top-section elementor-element elementor-element-8fbbe4f elementor-section-boxed elementor-section-height-default elementor-section-height-default\" data-id=\"8fbbe4f\" data-element_type=\"section\">\n\t\t\t\t\t\t<div class=\"elementor-container elementor-column-gap-default\">\n\t\t\t\t\t<div class=\"elementor-column elementor-col-100 elementor-top-column elementor-element elementor-element-d130095\" data-id=\"d130095\" data-element_type=\"column\">\n\t\t\t<div class=\"elementor-widget-wrap elementor-element-populated\">\n\t\t\t\t\t\t<div class=\"elementor-element elementor-element-dc8da61 elementor-widget elementor-widget-text-editor\" data-id=\"dc8da61\" data-element_type=\"widget\" data-widget_type=\"text-editor.default\">\n\t\t\t\t<div class=\"elementor-widget-container\">\n\t\t\t\t\t\t\t<h3><strong>LETTRE OUVERTE\u00a0: <\/strong><strong>Restreindre la libre circulation de l\u2019argent comptant fragilise les plus vuln\u00e9rables de notre soci\u00e9t\u00e9<\/strong><\/h3><p><strong>Montr\u00e9al, le 29 mai 2020<\/strong> &#8211; \u00c0 la suite de l\u2019article de la <em>Presse canadienne<\/em> \u00ab\u00a0La pand\u00e9mie fait diminuer encore plus l\u2019attrait du paiement en esp\u00e8ces\u00a0\u00bb paru le 28 mai 2020 sous la plume de Nicole Thompson, l\u2019Association canadienne du transport s\u00e9curis\u00e9 (CAST) r\u00e9it\u00e8re le r\u00f4le vital que joue l\u2019argent comptant dans notre soci\u00e9t\u00e9.<\/p><p>\u00a0<\/p><p>L\u2019article reprend avec justesse l\u2019avertissement de la Banque du Canada selon lequel la d\u00e9cision de refuser l\u2019argent comptant pourrait \u00eatre d\u00e9sastreuse pour les plus vuln\u00e9rables, dont les sans-abris et autres personnes n\u2019ayant pas de compte bancaire. Pensons \u00e9galement aux personnes \u00e2g\u00e9es ayant plus de difficult\u00e9s avec la technologie, aux non-voyants, aux personnes ne d\u00e9tenant pas de carte de cr\u00e9dit, aux organismes de bienfaisance qui d\u00e9pendent des collectes de sous (comme les coquelicots pour les v\u00e9t\u00e9rans, les jonquilles pour le cancer, les dons \u00e0 l\u2019Arm\u00e9e du Salut), les pourboires dans l\u2019industrie du service, et la liste est encore longue.<\/p><p>\u00a0<\/p><p>Le bon fonctionnement de l\u2019\u00e9conomie s\u2019appuie sur une disponibilit\u00e9 suffisante d\u2019argent comptant et les consid\u00e9rations sont \u00e9galement d\u2019ordre moral et soci\u00e9tal. Dans <a href=\"https:\/\/option-consommateurs.org\/publications\/argent-comptant-vers-une-mort-annoncee\/\" target=\"_blank\" rel=\"noopener\">un rapport publi\u00e9 en mars<\/a> cette ann\u00e9e, Option consommateurs sonne l\u2019alarme en invoquant que l\u2019\u00e9limination de l\u2019argent comptant expose les consommateurs \u00e0 de nombreux risques, tant financiers qu\u2019op\u00e9rationnels. \u00c0 l\u2019instar de la Banque du Canada, ce rapport soul\u00e8ve le risque d\u2019exclusion \u00e0 l\u2019\u00e9gard des consommateurs \u00e0 faible revenu, les a\u00een\u00e9s et les personnes les moins scolaris\u00e9es qui sont plus d\u00e9pendants du num\u00e9raire.<\/p><p>\u00a0<\/p><p>Le rapport fait \u00e9galement \u00e9tat du choix d\u00e9mocratique que les consommateurs veulent conserver en choisissant eux-m\u00eames leur mode de paiement. De plus, le num\u00e9raire procure des avantages que les cartes de paiement ne peuvent v\u00e9ritablement remplacer, notamment la protection de la confidentialit\u00e9 et de l\u2019anonymat, tout en aidant de nombreuses personnes \u00e0 g\u00e9rer leur niveau d\u2019endettement.<\/p><p>\u00a0<\/p><p>L\u2019argent comptant s\u2019av\u00e8re \u00e9galement d\u2019une importance cruciale comme plan de contingence ou en urgence. Nul n\u2019est \u00e0 l\u2019abri des d\u00e9faillances informatiques et des pannes d\u2019\u00e9lectricit\u00e9 qui emp\u00eachent l\u2019utilisation des cartes de paiement ni des situations hors de notre contr\u00f4le comme nous le vivons malheureusement trop ces jours-ci. Il est donc essentiel de prot\u00e9ger les diff\u00e9rentes options de paiement pour les biens et services que les consommateurs d\u00e9sirent se procurer.<\/p><p>\u00a0<\/p><p>D\u2019un point de vue des commer\u00e7ants, nombreux sont ceux qui appr\u00e9cient grandement les avantages de l\u2019argent comptant, la majorit\u00e9 jugeant les frais rattach\u00e9s aux cartes bancaires et de cr\u00e9dit trop \u00e9lev\u00e9s.<\/p><p>\u00a0<\/p><p>Enfin, quant \u00e0 l\u2019argument entourant la propret\u00e9 du num\u00e9raire, il s\u2019agit ici d\u2019un faux d\u00e9bat. De nombreuses \u00e9tudes ont d\u00e9montr\u00e9 que de fa\u00e7on g\u00e9n\u00e9rale, les billets de banque ne repr\u00e9sentent pas un risque particuli\u00e8rement \u00e9lev\u00e9 d\u2019infection comparativement \u00e0 d\u2019autres types de surfaces fr\u00e9quemment touch\u00e9es au quotidien.\u00a0 Le lavage des mains et autres mesures d\u2019hygi\u00e8ne s\u2019av\u00e8rent la meilleure protection selon les recommandations de la sant\u00e9 publique.<\/p><p>Nous cherchons tous avec raison des moyens de freiner la propagation de la Covid-19. Restreindre la libre circulation de l\u2019argent comptant n\u2019est pas une solution, mais aggrave plut\u00f4t la longue liste de probl\u00e8mes auxquels nous devons actuellement faire face tout en fragilisant encore davantage\u00a0les plus vuln\u00e9rables de notre soci\u00e9t\u00e9.<\/p><p>\u00a0<\/p><p><strong>\u00c0 propos de l\u2019Association canadienne du transport s\u00e9curis\u00e9<\/strong><\/p><p>La mission de l\u2019Association canadienne du transport s\u00e9curis\u00e9 (ACTS) est de promouvoir et de d\u00e9fendre les int\u00e9r\u00eats des fournisseurs canadiens de transport de valeurs, d\u2019offrir un lieu d\u2019\u00e9change b\u00e9n\u00e9fique pour les membres, et d\u2019encourager l\u2019avancement et l\u2019excellence des normes de l\u2019industrie \u00e0 l\u2019\u00e9chelle du Canada et \u00e0 l\u2019\u00e9tranger. <a href=\"https:\/\/www.cast-acts.ca\/fr\/\">https:\/\/www.cast-acts.ca\/fr\/<\/a><\/p><p>\u00a0<\/p><p><strong>Contact :<\/strong><\/p><p>Steven Meitin<\/p><p>Pr\u00e9sident, Association canadienne du transport s\u00e9curis\u00e9 (ACTS)<\/p><p>contact_cast@cast-acts.ca<\/p><p>www.cast-acts.ca<\/p>\t\t\t\t\t\t<\/div>\n\t\t\t\t<\/div>\n\t\t\t\t\t<\/div>\n\t\t<\/div>\n\t\t\t\t\t<\/div>\n\t\t<\/section>\n\t\t\t\t<\/div>\n\t\t","protected":false},"excerpt":{"rendered":"<p>Nouvelles LETTRE OUVERTE\u00a0: Restreindre la libre circulation de l\u2019argent comptant fragilise les plus vuln\u00e9rables de notre soci\u00e9t\u00e9 Montr\u00e9al, le 29 mai 2020 &#8211; \u00c0 la suite de l\u2019article de la Presse canadienne \u00ab\u00a0La pand\u00e9mie fait diminuer encore plus l\u2019attrait du paiement en esp\u00e8ces\u00a0\u00bb paru le 28 mai 2020 sous la plume de Nicole Thompson, l\u2019Association &#8230; <a title=\"pr_2020may29\" class=\"read-more\" href=\"https:\/\/www.cast-acts.ca\/fr\/pr_2020may29\/\">Read more<\/a><\/p>\n","protected":false},"author":2,"featured_media":0,"parent":0,"menu_order":0,"comment_status":"closed","ping_status":"closed","template":"","meta":{"footnotes":""},"class_list":["post-579","page","type-page","status-publish"],"_links":{"self":[{"href":"https:\/\/www.cast-acts.ca\/fr\/wp-json\/wp\/v2\/pages\/579"}],"collection":[{"href":"https:\/\/www.cast-acts.ca\/fr\/wp-json\/wp\/v2\/pages"}],"about":[{"href":"https:\/\/www.cast-acts.ca\/fr\/wp-json\/wp\/v2\/types\/page"}],"author":[{"embeddable":true,"href":"https:\/\/www.cast-acts.ca\/fr\/wp-json\/wp\/v2\/users\/2"}],"replies":[{"embeddable":true,"href":"https:\/\/www.cast-acts.ca\/fr\/wp-json\/wp\/v2\/comments?post=579"}],"version-history":[{"count":6,"href":"https:\/\/www.cast-acts.ca\/fr\/wp-json\/wp\/v2\/pages\/579\/revisions"}],"predecessor-version":[{"id":590,"href":"https:\/\/www.cast-acts.ca\/fr\/wp-json\/wp\/v2\/pages\/579\/revisions\/590"}],"wp:attachment":[{"href":"https:\/\/www.cast-acts.ca\/fr\/wp-json\/wp\/v2\/media?parent=579"}],"curies":[{"name":"wp","href":"https:\/\/api.w.org\/{rel}","templated":true}]}}