{"id":667,"date":"2020-07-08T13:23:09","date_gmt":"2020-07-08T13:23:09","guid":{"rendered":"https:\/\/www.cast-acts.ca\/?page_id=667"},"modified":"2020-07-08T13:24:31","modified_gmt":"2020-07-08T13:24:31","slug":"pr_2020july08","status":"publish","type":"page","link":"https:\/\/www.cast-acts.ca\/fr\/pr_2020july08\/","title":{"rendered":"pr_2020july08"},"content":{"rendered":"\t\t<div data-elementor-type=\"wp-page\" data-elementor-id=\"667\" class=\"elementor elementor-667 elementor-666\" data-elementor-post-type=\"page\">\n\t\t\t\t\t\t<section class=\"elementor-section elementor-top-section elementor-element elementor-element-0e5b1fa elementor-section-boxed elementor-section-height-default elementor-section-height-default\" data-id=\"0e5b1fa\" data-element_type=\"section\">\n\t\t\t\t\t\t<div class=\"elementor-container elementor-column-gap-default\">\n\t\t\t\t\t<div class=\"elementor-column elementor-col-100 elementor-top-column elementor-element elementor-element-63feef4\" data-id=\"63feef4\" data-element_type=\"column\">\n\t\t\t<div class=\"elementor-widget-wrap elementor-element-populated\">\n\t\t\t\t\t\t<div class=\"elementor-element elementor-element-ffcf650 elementor-widget elementor-widget-heading\" data-id=\"ffcf650\" data-element_type=\"widget\" data-widget_type=\"heading.default\">\n\t\t\t\t<div class=\"elementor-widget-container\">\n\t\t\t<h2 class=\"elementor-heading-title elementor-size-default\">Nouvelles<\/h2>\t\t<\/div>\n\t\t\t\t<\/div>\n\t\t\t\t\t<\/div>\n\t\t<\/div>\n\t\t\t\t\t<\/div>\n\t\t<\/section>\n\t\t\t\t<section class=\"elementor-section elementor-top-section elementor-element elementor-element-8fbbe4f elementor-section-boxed elementor-section-height-default elementor-section-height-default\" data-id=\"8fbbe4f\" data-element_type=\"section\">\n\t\t\t\t\t\t<div class=\"elementor-container elementor-column-gap-default\">\n\t\t\t\t\t<div class=\"elementor-column elementor-col-100 elementor-top-column elementor-element elementor-element-d130095\" data-id=\"d130095\" data-element_type=\"column\">\n\t\t\t<div class=\"elementor-widget-wrap elementor-element-populated\">\n\t\t\t\t\t\t<div class=\"elementor-element elementor-element-dc8da61 elementor-widget elementor-widget-text-editor\" data-id=\"dc8da61\" data-element_type=\"widget\" data-widget_type=\"text-editor.default\">\n\t\t\t\t<div class=\"elementor-widget-container\">\n\t\t\t\t\t\t\t<h3><strong>L\u2019ACTS salue les recommandations de l\u2019INSPQ d\u2019accepter l\u2019argent comptant<\/strong><\/h3><p><em>Il n\u2019existe aucun cas de transmission de COVID-19 par les billets de banque<\/em><\/p><p>\u00a0<\/p><p><strong>Montr\u00e9al (Qu\u00e9bec), le 8\u00a0juillet 2020<\/strong> \u2013 L\u2019Association canadienne du transport s\u00e9curis\u00e9 (ACTS) se r\u00e9jouit des plus r\u00e9centes recommandations \u00e9mises par l\u2019Institut national de sant\u00e9 publique du Qu\u00e9bec (INSPQ) \u00e0 l\u2019effet que les transactions en argent comptant peuvent \u00eatre effectu\u00e9es dans les magasins et les milieux de travail.<\/p><p>\u00a0<\/p><p>Dans sa publication dat\u00e9e du 6 juillet 2020, l\u2019INSPQ souligne qu\u2019il n\u2019existe aucun cas document\u00e9 de transmission du virus de la COVID-19 par le biais d\u2019\u00e9change de monnaie et que la manipulation de l\u2019argent comptant ne semble pas \u00eatre une voie de contamination selon les \u00e9tudes scientifiques. Le mode de transmission principal de la COVID-19 demeurant l\u2019interaction entre deux personnes via l\u2019\u00e9mission de microgouttelettes contagieuses, les transactions impliquant l\u2019argent comptant peuvent se faire de fa\u00e7on s\u00e9curitaire en limitant le temps et la distance d\u2019interaction et en restant vigilant sur l\u2019hygi\u00e8ne des mains apr\u00e8s la transaction. Ces bonnes pratiques en mati\u00e8re de sant\u00e9 et de s\u00e9curit\u00e9 doivent s\u2019appliquer, et ce, ind\u00e9pendamment de la m\u00e9thode de paiement utilis\u00e9e.<\/p><p>\u00a0<\/p><p>Ces recommandations sont identiques \u00e0 celles \u00e9mises par l\u2019<a href=\"https:\/\/www.who.int\/fr\/home\">Organisation mondiale de la sant\u00e9<\/a> au sujet des pi\u00e8ces de monnaie et des billets de banque. La <a href=\"https:\/\/www.banqueducanada.ca\/2020\/04\/banque-canada-demande-detaillants-continuer-accepter-argent\/?_ga=2.103009865.87850838.1588700601-1338332596.1586456351\">Banque du Canada<\/a> recommande \u00e9galement aux d\u00e9taillants de continuer \u00e0 accepter l\u2019argent comptant afin que les Canadiens puissent avoir acc\u00e8s aux biens et aux services dont ils ont besoin et ainsi ne pas cr\u00e9er des difficult\u00e9s injustifi\u00e9es aux personnes qui en d\u00e9pendent pour payer leurs achats et dont les options sont limit\u00e9es.<\/p><p>\u00a0<\/p><p>\u00ab\u00a0Alors que bon nombre de Qu\u00e9b\u00e9cois veulent se pr\u00e9valoir des multiples avantages que procure l\u2019argent comptant, nous sommes tr\u00e8s satisfaits des recommandations \u00e9mises par l\u2019INSPQ qui favorisent le maintien de sa disponibilit\u00e9. Nous sommes \u00e9galement heureux de la reconnaissance de l\u2019argent comptant comme m\u00e9thode de paiement s\u00e9curitaire, requ\u00e9rant les m\u00eames pr\u00e9cautions que la manipulation des cartes de paiement ou des t\u00e9l\u00e9phones cellulaires\u00a0\u00bb, a comment\u00e9 Steven Meitin, pr\u00e9sident, Association canadienne du transport s\u00e9curis\u00e9.<\/p><p>\u00a0<\/p><p><strong><u>\u00c0 propos de l\u2019Association canadienne du transport s\u00e9curis\u00e9<\/u><\/strong><\/p><p>La mission de l\u2019Association canadienne du transport s\u00e9curis\u00e9 (ACTS) est de promouvoir et de d\u00e9fendre les int\u00e9r\u00eats des fournisseurs canadiens de transport de valeurs, d\u2019offrir un lieu d\u2019\u00e9change b\u00e9n\u00e9fique pour les membres et d\u2019encourager l\u2019avancement et l\u2019excellence des normes de l\u2019industrie \u00e0 l\u2019\u00e9chelle du Canada et \u00e0 l\u2019\u00e9tranger.<\/p><p>\u00a0<\/p><p><strong>Contact :<\/strong><\/p><p>Steven Meitin<\/p><p>Pr\u00e9sident, Association canadienne du transport s\u00e9curis\u00e9 (ACTS)<\/p><p>contact_cast@cast-acts.ca<\/p><p>www.cast-acts.ca<\/p>\t\t\t\t\t\t<\/div>\n\t\t\t\t<\/div>\n\t\t\t\t\t<\/div>\n\t\t<\/div>\n\t\t\t\t\t<\/div>\n\t\t<\/section>\n\t\t\t\t<\/div>\n\t\t","protected":false},"excerpt":{"rendered":"<p>Nouvelles L\u2019ACTS salue les recommandations de l\u2019INSPQ d\u2019accepter l\u2019argent comptant Il n\u2019existe aucun cas de transmission de COVID-19 par les billets de banque \u00a0 Montr\u00e9al (Qu\u00e9bec), le 8\u00a0juillet 2020 \u2013 L\u2019Association canadienne du transport s\u00e9curis\u00e9 (ACTS) se r\u00e9jouit des plus r\u00e9centes recommandations \u00e9mises par l\u2019Institut national de sant\u00e9 publique du Qu\u00e9bec (INSPQ) \u00e0 l\u2019effet que &#8230; <a title=\"pr_2020july08\" class=\"read-more\" href=\"https:\/\/www.cast-acts.ca\/fr\/pr_2020july08\/\">Read more<\/a><\/p>\n","protected":false},"author":2,"featured_media":0,"parent":0,"menu_order":0,"comment_status":"closed","ping_status":"closed","template":"","meta":{"footnotes":""},"class_list":["post-667","page","type-page","status-publish"],"_links":{"self":[{"href":"https:\/\/www.cast-acts.ca\/fr\/wp-json\/wp\/v2\/pages\/667"}],"collection":[{"href":"https:\/\/www.cast-acts.ca\/fr\/wp-json\/wp\/v2\/pages"}],"about":[{"href":"https:\/\/www.cast-acts.ca\/fr\/wp-json\/wp\/v2\/types\/page"}],"author":[{"embeddable":true,"href":"https:\/\/www.cast-acts.ca\/fr\/wp-json\/wp\/v2\/users\/2"}],"replies":[{"embeddable":true,"href":"https:\/\/www.cast-acts.ca\/fr\/wp-json\/wp\/v2\/comments?post=667"}],"version-history":[{"count":3,"href":"https:\/\/www.cast-acts.ca\/fr\/wp-json\/wp\/v2\/pages\/667\/revisions"}],"predecessor-version":[{"id":677,"href":"https:\/\/www.cast-acts.ca\/fr\/wp-json\/wp\/v2\/pages\/667\/revisions\/677"}],"wp:attachment":[{"href":"https:\/\/www.cast-acts.ca\/fr\/wp-json\/wp\/v2\/media?parent=667"}],"curies":[{"name":"wp","href":"https:\/\/api.w.org\/{rel}","templated":true}]}}