{"id":692,"date":"2020-07-13T13:06:13","date_gmt":"2020-07-13T13:06:13","guid":{"rendered":"https:\/\/www.cast-acts.ca\/?page_id=692"},"modified":"2020-07-13T13:17:30","modified_gmt":"2020-07-13T13:17:30","slug":"pr_2020july13","status":"publish","type":"page","link":"https:\/\/www.cast-acts.ca\/fr\/pr_2020july13\/","title":{"rendered":"pr_2020july13"},"content":{"rendered":"\t\t<div data-elementor-type=\"wp-page\" data-elementor-id=\"692\" class=\"elementor elementor-692 elementor-691\" data-elementor-post-type=\"page\">\n\t\t\t\t\t\t<section class=\"elementor-section elementor-top-section elementor-element elementor-element-0e5b1fa elementor-section-boxed elementor-section-height-default elementor-section-height-default\" data-id=\"0e5b1fa\" data-element_type=\"section\">\n\t\t\t\t\t\t<div class=\"elementor-container elementor-column-gap-default\">\n\t\t\t\t\t<div class=\"elementor-column elementor-col-100 elementor-top-column elementor-element elementor-element-63feef4\" data-id=\"63feef4\" data-element_type=\"column\">\n\t\t\t<div class=\"elementor-widget-wrap elementor-element-populated\">\n\t\t\t\t\t\t<div class=\"elementor-element elementor-element-ffcf650 elementor-widget elementor-widget-heading\" data-id=\"ffcf650\" data-element_type=\"widget\" data-widget_type=\"heading.default\">\n\t\t\t\t<div class=\"elementor-widget-container\">\n\t\t\t<h2 class=\"elementor-heading-title elementor-size-default\">Nouvelles<\/h2>\t\t<\/div>\n\t\t\t\t<\/div>\n\t\t\t\t\t<\/div>\n\t\t<\/div>\n\t\t\t\t\t<\/div>\n\t\t<\/section>\n\t\t\t\t<section class=\"elementor-section elementor-top-section elementor-element elementor-element-8fbbe4f elementor-section-boxed elementor-section-height-default elementor-section-height-default\" data-id=\"8fbbe4f\" data-element_type=\"section\">\n\t\t\t\t\t\t<div class=\"elementor-container elementor-column-gap-default\">\n\t\t\t\t\t<div class=\"elementor-column elementor-col-100 elementor-top-column elementor-element elementor-element-d130095\" data-id=\"d130095\" data-element_type=\"column\">\n\t\t\t<div class=\"elementor-widget-wrap elementor-element-populated\">\n\t\t\t\t\t\t<div class=\"elementor-element elementor-element-dc8da61 elementor-widget elementor-widget-text-editor\" data-id=\"dc8da61\" data-element_type=\"widget\" data-widget_type=\"text-editor.default\">\n\t\t\t\t<div class=\"elementor-widget-container\">\n\t\t\t\t\t\t\t<h3><strong>Une \u00e9tude de la Banque du Canada r\u00e9v\u00e8le que les Canadiens ne d\u00e9laissent pas l\u2019argent comptant<\/strong><\/h3><p><em>Les consommateurs continuent d\u2019utiliser une vari\u00e9t\u00e9 de modes de paiement<\/em><\/p><p>\u00a0<\/p><p>Montr\u00e9al (Qu\u00e9bec), le 13 juillet 2020 \u2013 La Banque du Canada a publi\u00e9 un <a href=\"https:\/\/www.banqueducanada.ca\/wp-content\/uploads\/2020\/07\/sdp2020-6fr.pdf\" target=\"_blank\" rel=\"noopener\">document d\u2019analyse du personnel<\/a> portant sur les r\u00e9percussions de la pand\u00e9mie de COVID-19 sur la demande d\u2019argent comptant et son utilisation. Ce dernier a r\u00e9v\u00e9l\u00e9 que les Canadiens utilisent encore une vari\u00e9t\u00e9 de modes de paiement. L\u2019\u00e9tude a d\u00e9couvert que l\u2019argent en circulation au Canada a augment\u00e9 fortement en mars et en avril 2020, et que la hausse \u00e9tait importante tant en dollars absolus qu\u2019en pourcentages par rapport au pass\u00e9. De plus, le document pr\u00e9cise que les Canadiens ont continu\u00e9 d\u2019acc\u00e9der facilement \u00e0 l\u2019argent, qu\u2019ils \u00e9taient g\u00e9n\u00e9ralement (mais pas partout) en mesure d\u2019utiliser l\u2019argent comptant en magasin et qu\u2019ils avaient augment\u00e9 quelque peu leurs liquidit\u00e9s durant la pand\u00e9mie.<\/p><p>\u00a0<\/p><p>Plus pr\u00e9cis\u00e9ment, l\u2019\u00e9tude a d\u00e9couvert que 36 % des Canadiens ont indiqu\u00e9 avoir utilis\u00e9 de l\u2019argent comme mode de paiement au cours de la derni\u00e8re semaine. Environ le m\u00eame nombre de Canadiens (38 %) ont utilis\u00e9 des virements \u00e9lectroniques, mais une majorit\u00e9 d\u2019entre eux ont continu\u00e9 \u00e0 utiliser leurs cartes de d\u00e9bit (52 %) ou de cr\u00e9dit (62 %). Cependant, le point le plus marquant de l\u2019\u00e9tude est le fait que 74 % des r\u00e9pondants ne comptent pas d\u00e9laisser l\u2019argent comptant au cours des cinq prochaines ann\u00e9es. M\u00eame parmi ceux qui ont indiqu\u00e9 l\u2019avoir d\u00e9j\u00e0 d\u00e9laiss\u00e9, plus de 50 % continuent \u00e0 garder de l\u2019argent \u00e0 port\u00e9e de main, ce qui indique que le comportement et les intentions ne sont pas tout \u00e0 fait au diapason.<\/p><p>\u00a0<\/p><p>\u00ab Nous avons continu\u00e9 \u00e0 soutenir que les consommateurs veulent pouvoir payer pour leurs biens et services de diverses fa\u00e7ons, a soulign\u00e9 Steven Meitin, pr\u00e9sident de l\u2019Association canadienne du transport s\u00e9curis\u00e9 (ACTS). L\u2019\u00e9tude de la Banque du Canada r\u00e9it\u00e8re cette position. \u00bb<\/p><p>\u00a0<\/p><p><strong>\u00c0 propos de l\u2019Association canadienne du transport s\u00e9curis\u00e9<\/strong><br \/>La mission de l\u2019Association canadienne du transport s\u00e9curis\u00e9 (ACTS) est de promouvoir et de d\u00e9fendre les int\u00e9r\u00eats des fournisseurs canadiens de transport de valeurs, d\u2019offrir un lieu d\u2019\u00e9change b\u00e9n\u00e9fique pour les membres et d\u2019encourager l\u2019avancement et l\u2019excellence des normes de l\u2019industrie \u00e0 l\u2019\u00e9chelle du Canada et \u00e0 l\u2019\u00e9tranger.<\/p><p>\u00a0<\/p><p><strong>Contact :<\/strong><\/p><p>Steven Meitin<\/p><p>Pr\u00e9sident, Association canadienne du transport s\u00e9curis\u00e9 (ACTS)<\/p><p>contact_cast@cast-acts.ca<\/p><p>www.cast-acts.ca<\/p>\t\t\t\t\t\t<\/div>\n\t\t\t\t<\/div>\n\t\t\t\t\t<\/div>\n\t\t<\/div>\n\t\t\t\t\t<\/div>\n\t\t<\/section>\n\t\t\t\t<\/div>\n\t\t","protected":false},"excerpt":{"rendered":"<p>Nouvelles Une \u00e9tude de la Banque du Canada r\u00e9v\u00e8le que les Canadiens ne d\u00e9laissent pas l\u2019argent comptant Les consommateurs continuent d\u2019utiliser une vari\u00e9t\u00e9 de modes de paiement \u00a0 Montr\u00e9al (Qu\u00e9bec), le 13 juillet 2020 \u2013 La Banque du Canada a publi\u00e9 un document d\u2019analyse du personnel portant sur les r\u00e9percussions de la pand\u00e9mie de COVID-19 &#8230; <a title=\"pr_2020july13\" class=\"read-more\" href=\"https:\/\/www.cast-acts.ca\/fr\/pr_2020july13\/\">Read more<\/a><\/p>\n","protected":false},"author":2,"featured_media":0,"parent":0,"menu_order":0,"comment_status":"closed","ping_status":"closed","template":"","meta":{"footnotes":""},"class_list":["post-692","page","type-page","status-publish"],"_links":{"self":[{"href":"https:\/\/www.cast-acts.ca\/fr\/wp-json\/wp\/v2\/pages\/692"}],"collection":[{"href":"https:\/\/www.cast-acts.ca\/fr\/wp-json\/wp\/v2\/pages"}],"about":[{"href":"https:\/\/www.cast-acts.ca\/fr\/wp-json\/wp\/v2\/types\/page"}],"author":[{"embeddable":true,"href":"https:\/\/www.cast-acts.ca\/fr\/wp-json\/wp\/v2\/users\/2"}],"replies":[{"embeddable":true,"href":"https:\/\/www.cast-acts.ca\/fr\/wp-json\/wp\/v2\/comments?post=692"}],"version-history":[{"count":4,"href":"https:\/\/www.cast-acts.ca\/fr\/wp-json\/wp\/v2\/pages\/692\/revisions"}],"predecessor-version":[{"id":698,"href":"https:\/\/www.cast-acts.ca\/fr\/wp-json\/wp\/v2\/pages\/692\/revisions\/698"}],"wp:attachment":[{"href":"https:\/\/www.cast-acts.ca\/fr\/wp-json\/wp\/v2\/media?parent=692"}],"curies":[{"name":"wp","href":"https:\/\/api.w.org\/{rel}","templated":true}]}}