{"id":704,"date":"2020-07-14T14:01:57","date_gmt":"2020-07-14T14:01:57","guid":{"rendered":"https:\/\/www.cast-acts.ca\/?page_id=704"},"modified":"2020-07-14T14:04:00","modified_gmt":"2020-07-14T14:04:00","slug":"pr_2020july14","status":"publish","type":"page","link":"https:\/\/www.cast-acts.ca\/fr\/pr_2020july14\/","title":{"rendered":"pr_2020july14"},"content":{"rendered":"\t\t<div data-elementor-type=\"wp-page\" data-elementor-id=\"704\" class=\"elementor elementor-704 elementor-703\" data-elementor-post-type=\"page\">\n\t\t\t\t\t\t<section class=\"elementor-section elementor-top-section elementor-element elementor-element-0e5b1fa elementor-section-boxed elementor-section-height-default elementor-section-height-default\" data-id=\"0e5b1fa\" data-element_type=\"section\">\n\t\t\t\t\t\t<div class=\"elementor-container elementor-column-gap-default\">\n\t\t\t\t\t<div class=\"elementor-column elementor-col-100 elementor-top-column elementor-element elementor-element-63feef4\" data-id=\"63feef4\" data-element_type=\"column\">\n\t\t\t<div class=\"elementor-widget-wrap elementor-element-populated\">\n\t\t\t\t\t\t<div class=\"elementor-element elementor-element-ffcf650 elementor-widget elementor-widget-heading\" data-id=\"ffcf650\" data-element_type=\"widget\" data-widget_type=\"heading.default\">\n\t\t\t\t<div class=\"elementor-widget-container\">\n\t\t\t<h2 class=\"elementor-heading-title elementor-size-default\">Nouvelles<\/h2>\t\t<\/div>\n\t\t\t\t<\/div>\n\t\t\t\t\t<\/div>\n\t\t<\/div>\n\t\t\t\t\t<\/div>\n\t\t<\/section>\n\t\t\t\t<section class=\"elementor-section elementor-top-section elementor-element elementor-element-8fbbe4f elementor-section-boxed elementor-section-height-default elementor-section-height-default\" data-id=\"8fbbe4f\" data-element_type=\"section\">\n\t\t\t\t\t\t<div class=\"elementor-container elementor-column-gap-default\">\n\t\t\t\t\t<div class=\"elementor-column elementor-col-100 elementor-top-column elementor-element elementor-element-d130095\" data-id=\"d130095\" data-element_type=\"column\">\n\t\t\t<div class=\"elementor-widget-wrap elementor-element-populated\">\n\t\t\t\t\t\t<div class=\"elementor-element elementor-element-dc8da61 elementor-widget elementor-widget-text-editor\" data-id=\"dc8da61\" data-element_type=\"widget\" data-widget_type=\"text-editor.default\">\n\t\t\t\t<div class=\"elementor-widget-container\">\n\t\t\t\t\t\t\t<h3><strong>Les paiements \u00e9lectroniques inqui\u00e8tent \u00e9norm\u00e9ment compte tenu de l\u2019augmentation de la fraude <\/strong><\/h3><p><em>L\u2019argent comptant est la cl\u00e9 pour contrebalancer ce probl\u00e8me explosif<\/em><\/p><p>\u00a0<\/p><p><strong>Montr\u00e9al (Qu\u00e9bec), le 14\u00a0juillet 2020<\/strong> \u2013 Selon une \u00e9tude r\u00e9cente, la fraude serait un probl\u00e8me majeur et croissant au sein des \u00e9conomies mondiales; une situation aggrav\u00e9e par les modes de paiement autres que l\u2019argent comptant. \u00c0 l\u2019heure actuelle, l\u2019\u00e9conomie mondiale a perdu 4,1\u00a0trillions de dollars am\u00e9ricains par ann\u00e9e en raison de la fraude. Les donn\u00e9es envoient un avertissement inqui\u00e9tant\u00a0: les soci\u00e9t\u00e9s doivent soutenir l\u2019argent comptant pour contrer la fraude associ\u00e9e aux paiements \u00e9lectroniques.<\/p><p>\u00a0<\/p><p>\u00ab\u00a0<a href=\"https:\/\/www.cast-acts.ca\/gdc\/wp-content\/uploads\/2020\/07\/FraudStudyApril_2020_lr.pdf\"><em>La fraude li\u00e9e aux paiements \u00e9lectroniques et aux paiements en esp\u00e8ces : taxonomie, estimation et projections<\/em>\u00a0<\/a>\u00bb, une \u00e9tude (disponible en anglais seulement) r\u00e9alis\u00e9e r\u00e9cemment pour le compte de l\u2019International Security Ligue au sujet de la fraude li\u00e9e aux paiements \u00e9lectroniques et aux paiements en esp\u00e8ces, a d\u00e9couvert que la fraude associ\u00e9e \u00e0 l\u2019argent comptant est en baisse de 1,7\u00a0% annuellement, alors que celle associ\u00e9e aux cartes a augment\u00e9 de 16,2\u00a0% chaque ann\u00e9e depuis 2014. Si la tendance actuelle se maintient, le nombre de fraudes par transaction avec carte doublera d\u2019ici 2025.<\/p><p>\u00a0<\/p><p>\u00ab\u00a0L\u2019argent comptant est toujours important pour offrir des choix vari\u00e9s aux consommateurs, a soulign\u00e9 Steven Meitin, pr\u00e9sident de l\u2019Association canadienne du transport s\u00e9curis\u00e9 (ACTS). Cependant, cette recherche d\u00e9montre que l\u2019argent comptant est aussi important pour les gouvernements, les entreprises et les banques centrales afin de les aider \u00e0 contrer la fraude. Les criminels trouvent de plus en plus d\u2019occasions de frauder \u00e9tant donn\u00e9 que les gens se fient davantage \u00e0 la technologie, ce qui explique pourquoi les consommateurs et les gouvernements devraient continuer \u00e0 favoriser diff\u00e9rents modes de paiement.\u00a0\u00bb<\/p><p>\u00a0<\/p><p><strong>Principales statistiques issues de l\u2019\u00e9tude\u00a0:<\/strong><\/p><ul><li>La fraude par \u00ab carte non pr\u00e9sent\u00e9e \u00bb est la forme de fraude qui conna\u00eet la plus grande croissance\u00a0\u2013 elle \u00e9tait 6,44\u00a0fois plus \u00e9lev\u00e9e en 2018 qu\u2019en 2014\u00a0\u2013 et elle constitue plus de la moiti\u00e9 des fraudes par carte;<\/li><li>Le clonage des cartes dans les guichets automatiques a \u00e9galement augment\u00e9 durant la p\u00e9riode couverte par l\u2019\u00e9tude\u00a0: elle \u00e9tait 2,87\u00a0fois plus \u00e9lev\u00e9e en 2018 qu\u2019en 2014;<\/li><li>Mondialement, l\u2019\u00e9conomie ill\u00e9gale li\u00e9e \u00e0 l\u2019argent comptant a diminu\u00e9, passant de 5,2\u00a0% du produit int\u00e9rieur brut (PIB) en 2014 \u00e0 4,8\u00a0% du PIB en 2018, et elle devrait baisser de 10,4\u00a0% d\u2019ici 2025.<\/li><\/ul><p><strong><u>\u00c0 propos de l\u2019Association canadienne du transport s\u00e9curis\u00e9<\/u><\/strong><\/p><p>La mission de l\u2019Association canadienne du transport s\u00e9curis\u00e9 (ACTS) est de promouvoir et de d\u00e9fendre les int\u00e9r\u00eats des fournisseurs canadiens de transport de valeurs, d\u2019offrir un lieu d\u2019\u00e9change b\u00e9n\u00e9fique pour les membres et d\u2019encourager l\u2019avancement et l\u2019excellence des normes de l\u2019industrie \u00e0 l\u2019\u00e9chelle du Canada et \u00e0 l\u2019\u00e9tranger.<\/p><p>\u00a0<\/p><p><strong>Contact :<\/strong><\/p><p>Steven Meitin<\/p><p>Pr\u00e9sident, Association canadienne du transport s\u00e9curis\u00e9 (ACTS)<\/p><p>contact_cast@cast-acts.ca<\/p><p>www.cast-acts.ca<\/p>\t\t\t\t\t\t<\/div>\n\t\t\t\t<\/div>\n\t\t\t\t\t<\/div>\n\t\t<\/div>\n\t\t\t\t\t<\/div>\n\t\t<\/section>\n\t\t\t\t<\/div>\n\t\t","protected":false},"excerpt":{"rendered":"<p>Nouvelles Les paiements \u00e9lectroniques inqui\u00e8tent \u00e9norm\u00e9ment compte tenu de l\u2019augmentation de la fraude L\u2019argent comptant est la cl\u00e9 pour contrebalancer ce probl\u00e8me explosif \u00a0 Montr\u00e9al (Qu\u00e9bec), le 14\u00a0juillet 2020 \u2013 Selon une \u00e9tude r\u00e9cente, la fraude serait un probl\u00e8me majeur et croissant au sein des \u00e9conomies mondiales; une situation aggrav\u00e9e par les modes de paiement &#8230; <a title=\"pr_2020july14\" class=\"read-more\" href=\"https:\/\/www.cast-acts.ca\/fr\/pr_2020july14\/\">Read more<\/a><\/p>\n","protected":false},"author":2,"featured_media":0,"parent":0,"menu_order":0,"comment_status":"closed","ping_status":"closed","template":"","meta":{"footnotes":""},"class_list":["post-704","page","type-page","status-publish"],"_links":{"self":[{"href":"https:\/\/www.cast-acts.ca\/fr\/wp-json\/wp\/v2\/pages\/704"}],"collection":[{"href":"https:\/\/www.cast-acts.ca\/fr\/wp-json\/wp\/v2\/pages"}],"about":[{"href":"https:\/\/www.cast-acts.ca\/fr\/wp-json\/wp\/v2\/types\/page"}],"author":[{"embeddable":true,"href":"https:\/\/www.cast-acts.ca\/fr\/wp-json\/wp\/v2\/users\/2"}],"replies":[{"embeddable":true,"href":"https:\/\/www.cast-acts.ca\/fr\/wp-json\/wp\/v2\/comments?post=704"}],"version-history":[{"count":2,"href":"https:\/\/www.cast-acts.ca\/fr\/wp-json\/wp\/v2\/pages\/704\/revisions"}],"predecessor-version":[{"id":708,"href":"https:\/\/www.cast-acts.ca\/fr\/wp-json\/wp\/v2\/pages\/704\/revisions\/708"}],"wp:attachment":[{"href":"https:\/\/www.cast-acts.ca\/fr\/wp-json\/wp\/v2\/media?parent=704"}],"curies":[{"name":"wp","href":"https:\/\/api.w.org\/{rel}","templated":true}]}}